{"id":1649,"date":"2020-05-29T17:21:49","date_gmt":"2020-05-29T17:21:49","guid":{"rendered":"https:\/\/flowingbv.com\/?post_type=product&#038;p=1649"},"modified":"2024-11-22T08:53:21","modified_gmt":"2024-11-22T11:53:21","slug":"ielts-toefl","status":"publish","type":"product","link":"https:\/\/flowingbv.com\/br\/produto\/ielts-toefl\/","title":{"rendered":"IELTS\/TOEFL"},"content":{"rendered":"\t\t<div data-elementor-type=\"product-post\" data-elementor-id=\"1649\" class=\"elementor elementor-1649\" data-elementor-post-type=\"product\">\n\t\t\t\t\t\t<section class=\"elementor-section elementor-top-section elementor-element elementor-element-1ff1fa6c elementor-section-height-min-height elementor-section-boxed elementor-section-height-default elementor-section-items-middle\" data-id=\"1ff1fa6c\" data-element_type=\"section\" data-e-type=\"section\" data-settings=\"{&quot;background_background&quot;:&quot;classic&quot;}\">\n\t\t\t\t\t\t\t<div class=\"elementor-background-overlay\"><\/div>\n\t\t\t\t\t\t\t<div class=\"elementor-container elementor-column-gap-default\">\n\t\t\t\t\t<div class=\"elementor-column elementor-col-100 elementor-top-column elementor-element elementor-element-17e902c4\" data-id=\"17e902c4\" data-element_type=\"column\" data-e-type=\"column\">\n\t\t\t<div class=\"elementor-widget-wrap elementor-element-populated\">\n\t\t\t\t\t\t<div class=\"elementor-element elementor-element-746873d3 elementor-widget elementor-widget-heading\" data-id=\"746873d3\" data-element_type=\"widget\" data-e-type=\"widget\" data-widget_type=\"heading.default\">\n\t\t\t\t<div class=\"elementor-widget-container\">\n\t\t\t\t\t<h1 class=\"elementor-heading-title elementor-size-default\">IELTS\/TOEFL<\/h1>\t\t\t\t<\/div>\n\t\t\t\t<\/div>\n\t\t\t\t\t<\/div>\n\t\t<\/div>\n\t\t\t\t\t<\/div>\n\t\t<\/section>\n\t\t\t\t<section class=\"elementor-section elementor-top-section elementor-element elementor-element-6690ca1c elementor-reverse-mobile elementor-section-boxed elementor-section-height-default elementor-section-height-default\" data-id=\"6690ca1c\" data-element_type=\"section\" data-e-type=\"section\">\n\t\t\t\t\t\t<div class=\"elementor-container elementor-column-gap-default\">\n\t\t\t\t\t<div class=\"elementor-column elementor-col-50 elementor-top-column elementor-element elementor-element-2c71e3ad\" data-id=\"2c71e3ad\" data-element_type=\"column\" data-e-type=\"column\">\n\t\t\t<div class=\"elementor-widget-wrap elementor-element-populated\">\n\t\t\t\t\t\t<div class=\"elementor-element elementor-element-78ef4254 elementor-widget elementor-widget-text-editor\" data-id=\"78ef4254\" data-element_type=\"widget\" data-e-type=\"widget\" data-widget_type=\"text-editor.default\">\n\t\t\t\t<div class=\"elementor-widget-container\">\n\t\t\t\t\t\t\t\t\t<p class=\"p1\"><span class=\"s1\">IELTS (International English Language Testing System &#8211; Sistema de Teste da L\u00edngua Internacional Inglesa) e TOEFL (Test of English as a Foreign Language &#8211; Teste de Ingl\u00eas como L\u00edngua Estrangeira) s\u00e3o exames que avaliam a capacidade lingu\u00edstica das pessoas que desejam prosseguir com seus estudos ou avan\u00e7ar na carreira. O teste avalia todos os seus conhecimentos do Ingl\u00eas: ouvir, ler, falar e escrever. Na maioria dos pa\u00edses de l\u00edngua inglesa voc\u00ea vai precisar de um dos testes para poder se candidatar a empregos e cursos universit\u00e1rios e para fins de imigra\u00e7\u00e3o.<\/span><\/p>\t\t\t\t\t\t\t\t<\/div>\n\t\t\t\t<\/div>\n\t\t\t\t\t<\/div>\n\t\t<\/div>\n\t\t\t\t<div class=\"elementor-column elementor-col-50 elementor-top-column elementor-element elementor-element-58f6a9dc\" data-id=\"58f6a9dc\" data-element_type=\"column\" data-e-type=\"column\">\n\t\t\t<div class=\"elementor-widget-wrap elementor-element-populated\">\n\t\t\t\t\t\t<div class=\"elementor-element elementor-element-700960d6 elementor-widget elementor-widget-image\" data-id=\"700960d6\" data-element_type=\"widget\" data-e-type=\"widget\" data-widget_type=\"image.default\">\n\t\t\t\t<div class=\"elementor-widget-container\">\n\t\t\t\t\t\t\t\t\t\t\t\t\t\t\t<img fetchpriority=\"high\" decoding=\"async\" width=\"800\" height=\"534\" src=\"https:\/\/flowingbv.com\/br\/wp-content\/uploads\/2020\/05\/toefl.jpeg\" class=\"attachment-large size-large wp-image-5971\" alt=\"Ielts \/ Toefl\" srcset=\"https:\/\/flowingbv.com\/br\/wp-content\/uploads\/2020\/05\/toefl.jpeg 1000w, https:\/\/flowingbv.com\/br\/wp-content\/uploads\/2020\/05\/toefl-300x200.jpeg 300w, https:\/\/flowingbv.com\/br\/wp-content\/uploads\/2020\/05\/toefl-768x512.jpeg 768w, https:\/\/flowingbv.com\/br\/wp-content\/uploads\/2020\/05\/toefl-600x400.jpeg 600w\" sizes=\"(max-width: 800px) 100vw, 800px\" \/>\t\t\t\t\t\t\t\t\t\t\t\t\t\t\t<\/div>\n\t\t\t\t<\/div>\n\t\t\t\t\t<\/div>\n\t\t<\/div>\n\t\t\t\t\t<\/div>\n\t\t<\/section>\n\t\t\t\t<section class=\"elementor-section elementor-top-section elementor-element elementor-element-48bf20e elementor-section-boxed elementor-section-height-default elementor-section-height-default\" data-id=\"48bf20e\" data-element_type=\"section\" data-e-type=\"section\">\n\t\t\t\t\t\t<div class=\"elementor-container elementor-column-gap-default\">\n\t\t\t\t\t<div class=\"elementor-column elementor-col-50 elementor-top-column elementor-element elementor-element-57740c6\" data-id=\"57740c6\" data-element_type=\"column\" data-e-type=\"column\">\n\t\t\t<div class=\"elementor-widget-wrap elementor-element-populated\">\n\t\t\t\t\t\t<div class=\"elementor-element elementor-element-503ff23 elementor-widget elementor-widget-heading\" data-id=\"503ff23\" data-element_type=\"widget\" data-e-type=\"widget\" data-widget_type=\"heading.default\">\n\t\t\t\t<div class=\"elementor-widget-container\">\n\t\t\t\t\t<h2 class=\"elementor-heading-title elementor-size-default\">Este curso inclui:\n<\/h2>\t\t\t\t<\/div>\n\t\t\t\t<\/div>\n\t\t\t\t<div class=\"elementor-element elementor-element-2438fa4 elementor-widget elementor-widget-text-editor\" data-id=\"2438fa4\" data-element_type=\"widget\" data-e-type=\"widget\" data-widget_type=\"text-editor.default\">\n\t\t\t\t<div class=\"elementor-widget-container\">\n\t\t\t\t\t\t\t\t\t<ul><li>Testes pr\u00e1ticos.<\/li><li>Exerc\u00edcios interativos.<\/li><li>V\u00eddeos e recursos online.<\/li><li>Dicas e conselhos para o teste.<\/li><li>Feedback pessoal para ajudar a analisar seu progresso.<\/li><li>Professor exclusivo.<\/li><\/ul>\t\t\t\t\t\t\t\t<\/div>\n\t\t\t\t<\/div>\n\t\t\t\t\t<\/div>\n\t\t<\/div>\n\t\t\t\t<div class=\"elementor-column elementor-col-50 elementor-top-column elementor-element elementor-element-f1ed610\" data-id=\"f1ed610\" data-element_type=\"column\" data-e-type=\"column\">\n\t\t\t<div class=\"elementor-widget-wrap elementor-element-populated\">\n\t\t\t\t\t\t<div class=\"elementor-element elementor-element-ee27aa9 elementor-widget elementor-widget-heading\" data-id=\"ee27aa9\" data-element_type=\"widget\" data-e-type=\"widget\" data-widget_type=\"heading.default\">\n\t\t\t\t<div class=\"elementor-widget-container\">\n\t\t\t\t\t<h2 class=\"elementor-heading-title elementor-size-default\">As vantagens de estudar em grupo s\u00e3o:<\/h2>\t\t\t\t<\/div>\n\t\t\t\t<\/div>\n\t\t\t\t<div class=\"elementor-element elementor-element-c67499b elementor-widget elementor-widget-text-editor\" data-id=\"c67499b\" data-element_type=\"widget\" data-e-type=\"widget\" data-widget_type=\"text-editor.default\">\n\t\t\t\t<div class=\"elementor-widget-container\">\n\t\t\t\t\t\t\t\t\t<ul class=\"ul1\"><li class=\"li1\">Mais atividades.<\/li><li class=\"li1\"><span class=\"s2\">Aprender sobre diferentes culturas.<\/span><\/li><li class=\"li1\"><span class=\"s2\">Trabalhos em pares.<\/span><\/li><li class=\"li1\"><span class=\"s2\">Novos amigos\/contatos em todo o mundo.<\/span><\/li><li class=\"li1\"><span class=\"s2\">Pequenos grupos de at\u00e9 6 alunos.<\/span><\/li><li class=\"li1\"><span class=\"s2\">Discuss\u00f5es em grupo e dramatiza\u00e7\u00f5es.<\/span><\/li><\/ul>\t\t\t\t\t\t\t\t<\/div>\n\t\t\t\t<\/div>\n\t\t\t\t\t<\/div>\n\t\t<\/div>\n\t\t\t\t\t<\/div>\n\t\t<\/section>\n\t\t\t\t<section class=\"elementor-section elementor-top-section elementor-element elementor-element-c24da7c elementor-section-boxed elementor-section-height-default elementor-section-height-default\" data-id=\"c24da7c\" data-element_type=\"section\" data-e-type=\"section\" data-settings=\"{&quot;background_background&quot;:&quot;classic&quot;}\">\n\t\t\t\t\t\t<div class=\"elementor-container elementor-column-gap-default\">\n\t\t\t\t\t<div class=\"elementor-column elementor-col-100 elementor-top-column elementor-element elementor-element-a4f502d\" data-id=\"a4f502d\" data-element_type=\"column\" data-e-type=\"column\">\n\t\t\t<div class=\"elementor-widget-wrap elementor-element-populated\">\n\t\t\t\t\t\t<div class=\"elementor-element elementor-element-87ce17c elementor-widget elementor-widget-text-editor\" data-id=\"87ce17c\" data-element_type=\"widget\" data-e-type=\"widget\" data-widget_type=\"text-editor.default\">\n\t\t\t\t<div class=\"elementor-widget-container\">\n\t\t\t\t\t\t\t\t\t<p>ENTRE EM CONTATO PARA MAIS INFORMA\u00c7\u00d5ES<\/p>\t\t\t\t\t\t\t\t<\/div>\n\t\t\t\t<\/div>\n\t\t\t\t\t<\/div>\n\t\t<\/div>\n\t\t\t\t\t<\/div>\n\t\t<\/section>\n\t\t\t\t<section class=\"elementor-section elementor-top-section elementor-element elementor-element-234411cd elementor-section-boxed elementor-section-height-default elementor-section-height-default\" data-id=\"234411cd\" data-element_type=\"section\" data-e-type=\"section\">\n\t\t\t\t\t\t<div class=\"elementor-container elementor-column-gap-extended\">\n\t\t\t\t\t<div class=\"elementor-column elementor-col-50 elementor-top-column elementor-element elementor-element-5f6cc13\" data-id=\"5f6cc13\" data-element_type=\"column\" data-e-type=\"column\" data-settings=\"{&quot;background_background&quot;:&quot;classic&quot;}\">\n\t\t\t<div class=\"elementor-widget-wrap elementor-element-populated\">\n\t\t\t\t\t\t<div class=\"elementor-element elementor-element-22929e61 elementor-widget elementor-widget-heading\" data-id=\"22929e61\" data-element_type=\"widget\" data-e-type=\"widget\" data-widget_type=\"heading.default\">\n\t\t\t\t<div class=\"elementor-widget-container\">\n\t\t\t\t\t<h2 class=\"elementor-heading-title elementor-size-default\">IELTS\/TOEFL\n<\/h2>\t\t\t\t<\/div>\n\t\t\t\t<\/div>\n\t\t\t\t<div class=\"elementor-element elementor-element-4b0314f8 elementor-widget elementor-widget-text-editor\" data-id=\"4b0314f8\" data-element_type=\"widget\" data-e-type=\"widget\" data-widget_type=\"text-editor.default\">\n\t\t\t\t<div class=\"elementor-widget-container\">\n\t\t\t\t\t\t\t\t\t<ul><li>Frequ\u00eancia: 3x\/semana de aulas ao vivo<\/li><li>2x\/semana de acesso a aulas de multim\u00eddia<\/li><li>Dura\u00e7\u00e3o do curso: 12 semanas<\/li><li><span style=\"letter-spacing: 0px;\">Dura\u00e7\u00e3o da aula: 60 minutos<\/span><\/li><li>M\u00ednimo de ingl\u00eas exigido: upper intermediate<\/li><li>\u00a0<span style=\"letter-spacing: 0px;\">M\u00e1ximo de 6 alunos por turma<\/span><\/li><li>Feedback e suporte de um professor personalizado<\/li><li>Plano de estudos pessoal<\/li><li>Relat\u00f3rio de progresso<\/li><li>Login personalizado<\/li><li>Professor nativo qualificado &#8211; TEFL<\/li><\/ul>\t\t\t\t\t\t\t\t<\/div>\n\t\t\t\t<\/div>\n\t\t\t\t<div class=\"elementor-element elementor-element-108b87d elementor-align-center elementor-widget elementor-widget-button\" data-id=\"108b87d\" data-element_type=\"widget\" data-e-type=\"widget\" data-widget_type=\"button.default\">\n\t\t\t\t<div class=\"elementor-widget-container\">\n\t\t\t\t\t\t\t\t\t<div class=\"elementor-button-wrapper\">\n\t\t\t\t\t<a class=\"elementor-button elementor-button-link elementor-size-sm\" href=\"https:\/\/wa.me\/+5541991888188\">\n\t\t\t\t\t\t<span class=\"elementor-button-content-wrapper\">\n\t\t\t\t\t\t\t\t\t<span class=\"elementor-button-text\">Fale conosco<\/span>\n\t\t\t\t\t<\/span>\n\t\t\t\t\t<\/a>\n\t\t\t\t<\/div>\n\t\t\t\t\t\t\t\t<\/div>\n\t\t\t\t<\/div>\n\t\t\t\t\t<\/div>\n\t\t<\/div>\n\t\t\t\t<div class=\"elementor-column elementor-col-50 elementor-top-column elementor-element elementor-element-b087c26\" data-id=\"b087c26\" data-element_type=\"column\" data-e-type=\"column\" data-settings=\"{&quot;background_background&quot;:&quot;classic&quot;}\">\n\t\t\t<div class=\"elementor-widget-wrap elementor-element-populated\">\n\t\t\t\t\t\t<div class=\"elementor-element elementor-element-93cfb6c elementor-widget elementor-widget-heading\" data-id=\"93cfb6c\" data-element_type=\"widget\" data-e-type=\"widget\" data-widget_type=\"heading.default\">\n\t\t\t\t<div class=\"elementor-widget-container\">\n\t\t\t\t\t<h2 class=\"elementor-heading-title elementor-size-default\">IELTS\/TOEFL + Preparat\u00f3rio de escrita\n<\/h2>\t\t\t\t<\/div>\n\t\t\t\t<\/div>\n\t\t\t\t<div class=\"elementor-element elementor-element-3ae2423 elementor-widget elementor-widget-text-editor\" data-id=\"3ae2423\" data-element_type=\"widget\" data-e-type=\"widget\" data-widget_type=\"text-editor.default\">\n\t\t\t\t<div class=\"elementor-widget-container\">\n\t\t\t\t\t\t\t\t\t<ul><li>Frequ\u00eancia: 4x\/semana de aulas ao vivo<\/li><li>2x\/semana de acesso a aulas de multim\u00eddia<\/li><li>Dura\u00e7\u00e3o do curso: 12 semanas<\/li><li><span style=\"letter-spacing: 0px;\">Dura\u00e7\u00e3o da aula: 60 minutos<\/span><\/li><li>M\u00ednimo de ingl\u00eas exigido: upper intermediate<\/li><li>Feedback e suporte de um professor personalizado<\/li><li>Plano de estudos pessoal<\/li><li>Relat\u00f3rio de progresso<\/li><li>Login personalizado<\/li><li>Professor nativo qualificado &#8211; TEFL<\/li><\/ul>\t\t\t\t\t\t\t\t<\/div>\n\t\t\t\t<\/div>\n\t\t\t\t<div class=\"elementor-element elementor-element-894eb34 elementor-align-center elementor-widget elementor-widget-button\" data-id=\"894eb34\" data-element_type=\"widget\" data-e-type=\"widget\" data-widget_type=\"button.default\">\n\t\t\t\t<div class=\"elementor-widget-container\">\n\t\t\t\t\t\t\t\t\t<div class=\"elementor-button-wrapper\">\n\t\t\t\t\t<a class=\"elementor-button elementor-button-link elementor-size-sm\" href=\"https:\/\/wa.me\/+5541991888188\">\n\t\t\t\t\t\t<span class=\"elementor-button-content-wrapper\">\n\t\t\t\t\t\t\t\t\t<span class=\"elementor-button-text\">Fale conosco<\/span>\n\t\t\t\t\t<\/span>\n\t\t\t\t\t<\/a>\n\t\t\t\t<\/div>\n\t\t\t\t\t\t\t\t<\/div>\n\t\t\t\t<\/div>\n\t\t\t\t\t<\/div>\n\t\t<\/div>\n\t\t\t\t\t<\/div>\n\t\t<\/section>\n\t\t\t\t<\/div>\n\t\t","protected":false},"excerpt":{"rendered":"<p>IELTS (International English Language Testing System &#8211; Sistema de Teste da L\u00edngua Internacional Inglesa) e TOEFL (Test of English as a Foreign Language &#8211; Teste de Ingl\u00eas como L\u00edngua Estrangeira) s\u00e3o exames que avaliam a capacidade lingu\u00edstica das pessoas que desejam prosseguir com seus estudos ou avan\u00e7ar na carreira. O teste avalia todos os seus [&hellip;]<\/p>\n","protected":false},"featured_media":5971,"template":"elementor_header_footer","meta":[],"product_brand":[],"product_cat":[15],"product_tag":[],"class_list":{"0":"post-1649","1":"product","2":"type-product","3":"status-publish","4":"has-post-thumbnail","6":"product_cat-cursos","8":"first","9":"instock","10":"shipping-taxable","11":"purchasable","12":"product-type-simple"},"yoast_head":"<!-- This site is optimized with the Yoast SEO plugin v27.4 - https:\/\/yoast.com\/product\/yoast-seo-wordpress\/ -->\n<title>IELTS\/TOEFL - Flowing<\/title>\n<meta name=\"robots\" content=\"index, follow, max-snippet:-1, max-image-preview:large, max-video-preview:-1\" \/>\n<link rel=\"canonical\" href=\"https:\/\/flowingbv.com\/br\/produto\/ielts-toefl\/\" \/>\n<meta property=\"og:locale\" content=\"pt_BR\" \/>\n<meta property=\"og:type\" content=\"article\" \/>\n<meta property=\"og:title\" content=\"IELTS\/TOEFL - Flowing\" \/>\n<meta property=\"og:description\" content=\"IELTS (International English Language Testing System &#8211; Sistema de Teste da L\u00edngua Internacional Inglesa) e TOEFL (Test of English as a Foreign Language &#8211; Teste de Ingl\u00eas como L\u00edngua Estrangeira) s\u00e3o exames que avaliam a capacidade lingu\u00edstica das pessoas que desejam prosseguir com seus estudos ou avan\u00e7ar na carreira. O teste avalia todos os seus [&hellip;]\" \/>\n<meta property=\"og:url\" content=\"https:\/\/flowingbv.com\/br\/produto\/ielts-toefl\/\" \/>\n<meta property=\"og:site_name\" content=\"Flowing\" \/>\n<meta property=\"article:modified_time\" content=\"2024-11-22T11:53:21+00:00\" \/>\n<meta property=\"og:image\" content=\"https:\/\/flowingbv.com\/br\/wp-content\/uploads\/2020\/05\/toefl.jpeg\" \/>\n\t<meta property=\"og:image:width\" content=\"1000\" \/>\n\t<meta property=\"og:image:height\" content=\"667\" \/>\n\t<meta property=\"og:image:type\" content=\"image\/jpeg\" \/>\n<meta name=\"twitter:card\" content=\"summary_large_image\" \/>\n<script type=\"application\/ld+json\" class=\"yoast-schema-graph\">{\"@context\":\"https:\\\/\\\/schema.org\",\"@graph\":[{\"@type\":\"WebPage\",\"@id\":\"https:\\\/\\\/flowingbv.com\\\/br\\\/produto\\\/ielts-toefl\\\/\",\"url\":\"https:\\\/\\\/flowingbv.com\\\/br\\\/produto\\\/ielts-toefl\\\/\",\"name\":\"IELTS\\\/TOEFL - Flowing\",\"isPartOf\":{\"@id\":\"https:\\\/\\\/flowingbv.com\\\/br\\\/#website\"},\"primaryImageOfPage\":{\"@id\":\"https:\\\/\\\/flowingbv.com\\\/br\\\/produto\\\/ielts-toefl\\\/#primaryimage\"},\"image\":{\"@id\":\"https:\\\/\\\/flowingbv.com\\\/br\\\/produto\\\/ielts-toefl\\\/#primaryimage\"},\"thumbnailUrl\":\"https:\\\/\\\/flowingbv.com\\\/br\\\/wp-content\\\/uploads\\\/2020\\\/05\\\/toefl.jpeg\",\"datePublished\":\"2020-05-29T17:21:49+00:00\",\"dateModified\":\"2024-11-22T11:53:21+00:00\",\"breadcrumb\":{\"@id\":\"https:\\\/\\\/flowingbv.com\\\/br\\\/produto\\\/ielts-toefl\\\/#breadcrumb\"},\"inLanguage\":\"pt-BR\",\"potentialAction\":[{\"@type\":\"ReadAction\",\"target\":[\"https:\\\/\\\/flowingbv.com\\\/br\\\/produto\\\/ielts-toefl\\\/\"]}]},{\"@type\":\"ImageObject\",\"inLanguage\":\"pt-BR\",\"@id\":\"https:\\\/\\\/flowingbv.com\\\/br\\\/produto\\\/ielts-toefl\\\/#primaryimage\",\"url\":\"https:\\\/\\\/flowingbv.com\\\/br\\\/wp-content\\\/uploads\\\/2020\\\/05\\\/toefl.jpeg\",\"contentUrl\":\"https:\\\/\\\/flowingbv.com\\\/br\\\/wp-content\\\/uploads\\\/2020\\\/05\\\/toefl.jpeg\",\"width\":1000,\"height\":667,\"caption\":\"Ielts \\\/ Toefl\"},{\"@type\":\"BreadcrumbList\",\"@id\":\"https:\\\/\\\/flowingbv.com\\\/br\\\/produto\\\/ielts-toefl\\\/#breadcrumb\",\"itemListElement\":[{\"@type\":\"ListItem\",\"position\":1,\"name\":\"In\u00edcio\",\"item\":\"https:\\\/\\\/flowingbv.com\\\/br\\\/\"},{\"@type\":\"ListItem\",\"position\":2,\"name\":\"Loja\",\"item\":\"https:\\\/\\\/flowingbv.com\\\/br\\\/loja\\\/\"},{\"@type\":\"ListItem\",\"position\":3,\"name\":\"IELTS\\\/TOEFL\"}]},{\"@type\":\"WebSite\",\"@id\":\"https:\\\/\\\/flowingbv.com\\\/br\\\/#website\",\"url\":\"https:\\\/\\\/flowingbv.com\\\/br\\\/\",\"name\":\"Flowing\",\"description\":\"Learn Anytime Anywere\",\"publisher\":{\"@id\":\"https:\\\/\\\/flowingbv.com\\\/br\\\/#organization\"},\"potentialAction\":[{\"@type\":\"SearchAction\",\"target\":{\"@type\":\"EntryPoint\",\"urlTemplate\":\"https:\\\/\\\/flowingbv.com\\\/br\\\/?s={search_term_string}\"},\"query-input\":{\"@type\":\"PropertyValueSpecification\",\"valueRequired\":true,\"valueName\":\"search_term_string\"}}],\"inLanguage\":\"pt-BR\"},{\"@type\":\"Organization\",\"@id\":\"https:\\\/\\\/flowingbv.com\\\/br\\\/#organization\",\"name\":\"Flow.ing\",\"url\":\"https:\\\/\\\/flowingbv.com\\\/br\\\/\",\"logo\":{\"@type\":\"ImageObject\",\"inLanguage\":\"pt-BR\",\"@id\":\"https:\\\/\\\/flowingbv.com\\\/br\\\/#\\\/schema\\\/logo\\\/image\\\/\",\"url\":\"https:\\\/\\\/flowingbv.com\\\/br\\\/wp-content\\\/uploads\\\/2020\\\/07\\\/flowing.png\",\"contentUrl\":\"https:\\\/\\\/flowingbv.com\\\/br\\\/wp-content\\\/uploads\\\/2020\\\/07\\\/flowing.png\",\"width\":800,\"height\":763,\"caption\":\"Flow.ing\"},\"image\":{\"@id\":\"https:\\\/\\\/flowingbv.com\\\/br\\\/#\\\/schema\\\/logo\\\/image\\\/\"}}]}<\/script>\n<!-- \/ Yoast SEO plugin. -->","yoast_head_json":{"title":"IELTS\/TOEFL - Flowing","robots":{"index":"index","follow":"follow","max-snippet":"max-snippet:-1","max-image-preview":"max-image-preview:large","max-video-preview":"max-video-preview:-1"},"canonical":"https:\/\/flowingbv.com\/br\/produto\/ielts-toefl\/","og_locale":"pt_BR","og_type":"article","og_title":"IELTS\/TOEFL - Flowing","og_description":"IELTS (International English Language Testing System &#8211; Sistema de Teste da L\u00edngua Internacional Inglesa) e TOEFL (Test of English as a Foreign Language &#8211; Teste de Ingl\u00eas como L\u00edngua Estrangeira) s\u00e3o exames que avaliam a capacidade lingu\u00edstica das pessoas que desejam prosseguir com seus estudos ou avan\u00e7ar na carreira. O teste avalia todos os seus [&hellip;]","og_url":"https:\/\/flowingbv.com\/br\/produto\/ielts-toefl\/","og_site_name":"Flowing","article_modified_time":"2024-11-22T11:53:21+00:00","og_image":[{"width":1000,"height":667,"url":"https:\/\/flowingbv.com\/br\/wp-content\/uploads\/2020\/05\/toefl.jpeg","type":"image\/jpeg"}],"twitter_card":"summary_large_image","schema":{"@context":"https:\/\/schema.org","@graph":[{"@type":"WebPage","@id":"https:\/\/flowingbv.com\/br\/produto\/ielts-toefl\/","url":"https:\/\/flowingbv.com\/br\/produto\/ielts-toefl\/","name":"IELTS\/TOEFL - Flowing","isPartOf":{"@id":"https:\/\/flowingbv.com\/br\/#website"},"primaryImageOfPage":{"@id":"https:\/\/flowingbv.com\/br\/produto\/ielts-toefl\/#primaryimage"},"image":{"@id":"https:\/\/flowingbv.com\/br\/produto\/ielts-toefl\/#primaryimage"},"thumbnailUrl":"https:\/\/flowingbv.com\/br\/wp-content\/uploads\/2020\/05\/toefl.jpeg","datePublished":"2020-05-29T17:21:49+00:00","dateModified":"2024-11-22T11:53:21+00:00","breadcrumb":{"@id":"https:\/\/flowingbv.com\/br\/produto\/ielts-toefl\/#breadcrumb"},"inLanguage":"pt-BR","potentialAction":[{"@type":"ReadAction","target":["https:\/\/flowingbv.com\/br\/produto\/ielts-toefl\/"]}]},{"@type":"ImageObject","inLanguage":"pt-BR","@id":"https:\/\/flowingbv.com\/br\/produto\/ielts-toefl\/#primaryimage","url":"https:\/\/flowingbv.com\/br\/wp-content\/uploads\/2020\/05\/toefl.jpeg","contentUrl":"https:\/\/flowingbv.com\/br\/wp-content\/uploads\/2020\/05\/toefl.jpeg","width":1000,"height":667,"caption":"Ielts \/ Toefl"},{"@type":"BreadcrumbList","@id":"https:\/\/flowingbv.com\/br\/produto\/ielts-toefl\/#breadcrumb","itemListElement":[{"@type":"ListItem","position":1,"name":"In\u00edcio","item":"https:\/\/flowingbv.com\/br\/"},{"@type":"ListItem","position":2,"name":"Loja","item":"https:\/\/flowingbv.com\/br\/loja\/"},{"@type":"ListItem","position":3,"name":"IELTS\/TOEFL"}]},{"@type":"WebSite","@id":"https:\/\/flowingbv.com\/br\/#website","url":"https:\/\/flowingbv.com\/br\/","name":"Flowing","description":"Learn Anytime Anywere","publisher":{"@id":"https:\/\/flowingbv.com\/br\/#organization"},"potentialAction":[{"@type":"SearchAction","target":{"@type":"EntryPoint","urlTemplate":"https:\/\/flowingbv.com\/br\/?s={search_term_string}"},"query-input":{"@type":"PropertyValueSpecification","valueRequired":true,"valueName":"search_term_string"}}],"inLanguage":"pt-BR"},{"@type":"Organization","@id":"https:\/\/flowingbv.com\/br\/#organization","name":"Flow.ing","url":"https:\/\/flowingbv.com\/br\/","logo":{"@type":"ImageObject","inLanguage":"pt-BR","@id":"https:\/\/flowingbv.com\/br\/#\/schema\/logo\/image\/","url":"https:\/\/flowingbv.com\/br\/wp-content\/uploads\/2020\/07\/flowing.png","contentUrl":"https:\/\/flowingbv.com\/br\/wp-content\/uploads\/2020\/07\/flowing.png","width":800,"height":763,"caption":"Flow.ing"},"image":{"@id":"https:\/\/flowingbv.com\/br\/#\/schema\/logo\/image\/"}}]}},"_links":{"self":[{"href":"https:\/\/flowingbv.com\/br\/wp-json\/wp\/v2\/product\/1649","targetHints":{"allow":["GET"]}}],"collection":[{"href":"https:\/\/flowingbv.com\/br\/wp-json\/wp\/v2\/product"}],"about":[{"href":"https:\/\/flowingbv.com\/br\/wp-json\/wp\/v2\/types\/product"}],"version-history":[{"count":23,"href":"https:\/\/flowingbv.com\/br\/wp-json\/wp\/v2\/product\/1649\/revisions"}],"predecessor-version":[{"id":6319,"href":"https:\/\/flowingbv.com\/br\/wp-json\/wp\/v2\/product\/1649\/revisions\/6319"}],"wp:featuredmedia":[{"embeddable":true,"href":"https:\/\/flowingbv.com\/br\/wp-json\/wp\/v2\/media\/5971"}],"wp:attachment":[{"href":"https:\/\/flowingbv.com\/br\/wp-json\/wp\/v2\/media?parent=1649"}],"wp:term":[{"taxonomy":"product_brand","embeddable":true,"href":"https:\/\/flowingbv.com\/br\/wp-json\/wp\/v2\/product_brand?post=1649"},{"taxonomy":"product_cat","embeddable":true,"href":"https:\/\/flowingbv.com\/br\/wp-json\/wp\/v2\/product_cat?post=1649"},{"taxonomy":"product_tag","embeddable":true,"href":"https:\/\/flowingbv.com\/br\/wp-json\/wp\/v2\/product_tag?post=1649"}],"curies":[{"name":"wp","href":"https:\/\/api.w.org\/{rel}","templated":true}]}}