{"id":1668,"date":"2020-05-29T17:48:13","date_gmt":"2020-05-29T17:48:13","guid":{"rendered":"https:\/\/flowingbv.com\/?post_type=product&#038;p=1668"},"modified":"2024-11-22T08:54:57","modified_gmt":"2024-11-22T11:54:57","slug":"ingles-para-hoteis","status":"publish","type":"product","link":"https:\/\/flowingbv.com\/br\/produto\/ingles-para-hoteis\/","title":{"rendered":"Ingl\u00eas para Hot\u00e9is"},"content":{"rendered":"\t\t<div data-elementor-type=\"product-post\" data-elementor-id=\"1668\" class=\"elementor elementor-1668\" data-elementor-post-type=\"product\">\n\t\t\t\t\t\t<section class=\"elementor-section elementor-top-section elementor-element elementor-element-7eab1424 elementor-section-height-min-height elementor-section-boxed elementor-section-height-default elementor-section-items-middle\" data-id=\"7eab1424\" data-element_type=\"section\" data-e-type=\"section\" data-settings=\"{&quot;background_background&quot;:&quot;classic&quot;}\">\n\t\t\t\t\t\t\t<div class=\"elementor-background-overlay\"><\/div>\n\t\t\t\t\t\t\t<div class=\"elementor-container elementor-column-gap-default\">\n\t\t\t\t\t<div class=\"elementor-column elementor-col-100 elementor-top-column elementor-element elementor-element-74a21af1\" data-id=\"74a21af1\" data-element_type=\"column\" data-e-type=\"column\">\n\t\t\t<div class=\"elementor-widget-wrap elementor-element-populated\">\n\t\t\t\t\t\t<div class=\"elementor-element elementor-element-50849806 elementor-widget elementor-widget-heading\" data-id=\"50849806\" data-element_type=\"widget\" data-e-type=\"widget\" data-widget_type=\"heading.default\">\n\t\t\t\t<div class=\"elementor-widget-container\">\n\t\t\t\t\t<h1 class=\"elementor-heading-title elementor-size-default\">Ingl\u00eas para Hot\u00e9is<\/h1>\t\t\t\t<\/div>\n\t\t\t\t<\/div>\n\t\t\t\t\t<\/div>\n\t\t<\/div>\n\t\t\t\t\t<\/div>\n\t\t<\/section>\n\t\t\t\t<section class=\"elementor-section elementor-top-section elementor-element elementor-element-320ace4b elementor-reverse-mobile elementor-section-boxed elementor-section-height-default elementor-section-height-default\" data-id=\"320ace4b\" data-element_type=\"section\" data-e-type=\"section\">\n\t\t\t\t\t\t<div class=\"elementor-container elementor-column-gap-default\">\n\t\t\t\t\t<div class=\"elementor-column elementor-col-50 elementor-top-column elementor-element elementor-element-6a4061e6\" data-id=\"6a4061e6\" data-element_type=\"column\" data-e-type=\"column\">\n\t\t\t<div class=\"elementor-widget-wrap elementor-element-populated\">\n\t\t\t\t\t\t<div class=\"elementor-element elementor-element-82d8a29 elementor-widget elementor-widget-text-editor\" data-id=\"82d8a29\" data-element_type=\"widget\" data-e-type=\"widget\" data-widget_type=\"text-editor.default\">\n\t\t\t\t<div class=\"elementor-widget-container\">\n\t\t\t\t\t\t\t\t\t<p>Para melhorar o Ingl\u00eas e fortalecer as habilidades de atendimento ao cliente necess\u00e1rios para trabalhar no ramo hoteleiro. \u00a0Este curso aumenta a confian\u00e7a do uso da l\u00edngua em todos os aspectos de comunica\u00e7\u00e3o no setor de turismo e hospitalidade.<\/p>\t\t\t\t\t\t\t\t<\/div>\n\t\t\t\t<\/div>\n\t\t\t\t<section class=\"elementor-section elementor-inner-section elementor-element elementor-element-d485158 elementor-section-boxed elementor-section-height-default elementor-section-height-default\" data-id=\"d485158\" data-element_type=\"section\" data-e-type=\"section\">\n\t\t\t\t\t\t<div class=\"elementor-container elementor-column-gap-default\">\n\t\t\t\t\t<div class=\"elementor-column elementor-col-100 elementor-inner-column elementor-element elementor-element-be2eb77\" data-id=\"be2eb77\" data-element_type=\"column\" data-e-type=\"column\">\n\t\t\t<div class=\"elementor-widget-wrap elementor-element-populated\">\n\t\t\t\t\t\t<div class=\"elementor-element elementor-element-53976be2 elementor-widget elementor-widget-heading\" data-id=\"53976be2\" data-element_type=\"widget\" data-e-type=\"widget\" data-widget_type=\"heading.default\">\n\t\t\t\t<div class=\"elementor-widget-container\">\n\t\t\t\t\t<h2 class=\"elementor-heading-title elementor-size-default\">Este curso vai te ensinar:\n<\/h2>\t\t\t\t<\/div>\n\t\t\t\t<\/div>\n\t\t\t\t<div class=\"elementor-element elementor-element-4997cd9 elementor-widget elementor-widget-text-editor\" data-id=\"4997cd9\" data-element_type=\"widget\" data-e-type=\"widget\" data-widget_type=\"text-editor.default\">\n\t\t\t\t<div class=\"elementor-widget-container\">\n\t\t\t\t\t\t\t\t\t<ul><li>Flu\u00eancia na conversa\u00e7\u00e3o durante a intera\u00e7\u00e3o com os clientes.<\/li><li>Receber visitantes\/fornecer informa\u00e7\u00f5es.<\/li><li>Checking in\/ checking out.<\/li><li>Aperfei\u00e7oar o atendimento de chamadas telef\u00f4nicas\/gerenciamento de centrais telef\u00f4nicas.<\/li><li>Fazer reservas.<\/li><li>Lidar com as incumb\u00eancias da Recep\u00e7\u00e3o.<\/li><li>Lidar com as situa\u00e7\u00f5es de ag\u00eancias de turismo.<\/li><li>Burocracias da administra\u00e7\u00e3o.<\/li><li>Pagamento de contas.<\/li><li>Lidar com convidados, consultas e reclama\u00e7\u00f5es.<\/li><li>Bar e Restaurante\/recebimento de pedidos.<\/li><li>Servi\u00e7o de limpeza.<\/li><\/ul>\t\t\t\t\t\t\t\t<\/div>\n\t\t\t\t<\/div>\n\t\t\t\t\t<\/div>\n\t\t<\/div>\n\t\t\t\t\t<\/div>\n\t\t<\/section>\n\t\t\t\t\t<\/div>\n\t\t<\/div>\n\t\t\t\t<div class=\"elementor-column elementor-col-50 elementor-top-column elementor-element elementor-element-7df54265\" data-id=\"7df54265\" data-element_type=\"column\" data-e-type=\"column\">\n\t\t\t<div class=\"elementor-widget-wrap elementor-element-populated\">\n\t\t\t\t\t\t<div class=\"elementor-element elementor-element-79cbf95a elementor-widget elementor-widget-image\" data-id=\"79cbf95a\" data-element_type=\"widget\" data-e-type=\"widget\" data-widget_type=\"image.default\">\n\t\t\t\t<div class=\"elementor-widget-container\">\n\t\t\t\t\t\t\t\t\t\t\t\t\t\t\t<img fetchpriority=\"high\" decoding=\"async\" width=\"800\" height=\"534\" src=\"https:\/\/flowingbv.com\/br\/wp-content\/uploads\/2020\/05\/Hospitality-course.jpeg\" class=\"attachment-large size-large wp-image-5993\" alt=\"Hoteis\" srcset=\"https:\/\/flowingbv.com\/br\/wp-content\/uploads\/2020\/05\/Hospitality-course.jpeg 1000w, https:\/\/flowingbv.com\/br\/wp-content\/uploads\/2020\/05\/Hospitality-course-300x200.jpeg 300w, https:\/\/flowingbv.com\/br\/wp-content\/uploads\/2020\/05\/Hospitality-course-768x512.jpeg 768w, https:\/\/flowingbv.com\/br\/wp-content\/uploads\/2020\/05\/Hospitality-course-600x400.jpeg 600w\" sizes=\"(max-width: 800px) 100vw, 800px\" \/>\t\t\t\t\t\t\t\t\t\t\t\t\t\t\t<\/div>\n\t\t\t\t<\/div>\n\t\t\t\t\t<\/div>\n\t\t<\/div>\n\t\t\t\t\t<\/div>\n\t\t<\/section>\n\t\t\t\t<section class=\"elementor-section elementor-top-section elementor-element elementor-element-98e888a elementor-section-boxed elementor-section-height-default elementor-section-height-default\" data-id=\"98e888a\" data-element_type=\"section\" data-e-type=\"section\" data-settings=\"{&quot;background_background&quot;:&quot;classic&quot;}\">\n\t\t\t\t\t\t<div class=\"elementor-container elementor-column-gap-default\">\n\t\t\t\t\t<div class=\"elementor-column elementor-col-100 elementor-top-column elementor-element elementor-element-86f1350\" data-id=\"86f1350\" data-element_type=\"column\" data-e-type=\"column\">\n\t\t\t<div class=\"elementor-widget-wrap elementor-element-populated\">\n\t\t\t\t\t\t<div class=\"elementor-element elementor-element-26bfb07 elementor-widget elementor-widget-text-editor\" data-id=\"26bfb07\" data-element_type=\"widget\" data-e-type=\"widget\" data-widget_type=\"text-editor.default\">\n\t\t\t\t<div class=\"elementor-widget-container\">\n\t\t\t\t\t\t\t\t\t<p>ENTRE EM CONTATO PARA MAIS INFORMA\u00c7\u00d5ES<\/p>\t\t\t\t\t\t\t\t<\/div>\n\t\t\t\t<\/div>\n\t\t\t\t\t<\/div>\n\t\t<\/div>\n\t\t\t\t\t<\/div>\n\t\t<\/section>\n\t\t\t\t<section class=\"elementor-section elementor-top-section elementor-element elementor-element-7b743de2 elementor-section-boxed elementor-section-height-default elementor-section-height-default\" data-id=\"7b743de2\" data-element_type=\"section\" data-e-type=\"section\">\n\t\t\t\t\t\t<div class=\"elementor-container elementor-column-gap-extended\">\n\t\t\t\t\t<div class=\"elementor-column elementor-col-100 elementor-top-column elementor-element elementor-element-38869f18\" data-id=\"38869f18\" data-element_type=\"column\" data-e-type=\"column\" data-settings=\"{&quot;background_background&quot;:&quot;classic&quot;}\">\n\t\t\t<div class=\"elementor-widget-wrap elementor-element-populated\">\n\t\t\t\t\t\t<div class=\"elementor-element elementor-element-5568320 elementor-widget elementor-widget-heading\" data-id=\"5568320\" data-element_type=\"widget\" data-e-type=\"widget\" data-widget_type=\"heading.default\">\n\t\t\t\t<div class=\"elementor-widget-container\">\n\t\t\t\t\t<h2 class=\"elementor-heading-title elementor-size-default\">Ingl\u00eas para Hot\u00e9is<\/h2>\t\t\t\t<\/div>\n\t\t\t\t<\/div>\n\t\t\t\t<div class=\"elementor-element elementor-element-5a9a7985 elementor-widget elementor-widget-text-editor\" data-id=\"5a9a7985\" data-element_type=\"widget\" data-e-type=\"widget\" data-widget_type=\"text-editor.default\">\n\t\t\t\t<div class=\"elementor-widget-container\">\n\t\t\t\t\t\t\t\t\t<ul class=\"ul1\">\n<li>Curso personalizado e projetado para ser desenvolvido com equipes<\/li>\n<li>Flexibilidade<\/li>\n<li><span style=\"background-color: transparent; color: var( --e-global-color-text );\">Para todos os n\u00edveis de ingl\u00eas<\/span><br><\/li>\n<li>Feedback e suporte de um professor personalizado<\/li>\n<li>Plano de estudos pessoal<\/li>\n<li>Relat\u00f3rio de progresso<\/li>\n<li>Login personalizado<\/li>\n<li>Professor nativo qualificado &#8211; TEFL<\/li>\n<\/ul>\t\t\t\t\t\t\t\t<\/div>\n\t\t\t\t<\/div>\n\t\t\t\t<div class=\"elementor-element elementor-element-5d9787d elementor-align-center elementor-widget elementor-widget-button\" data-id=\"5d9787d\" data-element_type=\"widget\" data-e-type=\"widget\" data-widget_type=\"button.default\">\n\t\t\t\t<div class=\"elementor-widget-container\">\n\t\t\t\t\t\t\t\t\t<div class=\"elementor-button-wrapper\">\n\t\t\t\t\t<a class=\"elementor-button elementor-button-link elementor-size-sm\" href=\"https:\/\/wa.me\/+5541991888188\">\n\t\t\t\t\t\t<span class=\"elementor-button-content-wrapper\">\n\t\t\t\t\t\t\t\t\t<span class=\"elementor-button-text\">Fale Conosco<\/span>\n\t\t\t\t\t<\/span>\n\t\t\t\t\t<\/a>\n\t\t\t\t<\/div>\n\t\t\t\t\t\t\t\t<\/div>\n\t\t\t\t<\/div>\n\t\t\t\t\t<\/div>\n\t\t<\/div>\n\t\t\t\t\t<\/div>\n\t\t<\/section>\n\t\t\t\t<section class=\"elementor-section elementor-top-section elementor-element elementor-element-ff6ac7a elementor-hidden-desktop elementor-hidden-tablet elementor-hidden-mobile elementor-section-boxed elementor-section-height-default elementor-section-height-default\" data-id=\"ff6ac7a\" data-element_type=\"section\" data-e-type=\"section\">\n\t\t\t\t\t\t<div class=\"elementor-container elementor-column-gap-default\">\n\t\t\t\t\t<div class=\"elementor-column elementor-col-100 elementor-top-column elementor-element elementor-element-d49370b\" data-id=\"d49370b\" data-element_type=\"column\" data-e-type=\"column\">\n\t\t\t<div class=\"elementor-widget-wrap elementor-element-populated\">\n\t\t\t\t\t\t<div class=\"elementor-element elementor-element-2f071c0 elementor-add-to-cart--align-center e-add-to-cart--show-quantity-yes elementor-widget elementor-widget-woocommerce-product-add-to-cart\" data-id=\"2f071c0\" data-element_type=\"widget\" data-e-type=\"widget\" data-widget_type=\"woocommerce-product-add-to-cart.default\">\n\t\t\t\t<div class=\"elementor-widget-container\">\n\t\t\t\t\t\n\t\t<div class=\"elementor-add-to-cart elementor-product-simple\">\n\t\t\t\n\t\n\t<form class=\"cart\" action=\"https:\/\/flowingbv.com\/br\/produto\/ingles-para-hoteis\/\" method=\"post\" enctype='multipart\/form-data'>\n\t\t\n\t\t<div class=\"quantity\">\n\t\t<label class=\"screen-reader-text\" for=\"quantity_69eda34a90b7c\">Ingl\u00eas para Hot\u00e9is quantidade<\/label>\n\t<input\n\t\ttype=\"number\"\n\t\t\t\tid=\"quantity_69eda34a90b7c\"\n\t\tclass=\"input-text qty text\"\n\t\tname=\"quantity\"\n\t\tvalue=\"1\"\n\t\taria-label=\"Quantidade de produto\"\n\t\t\t\tmin=\"1\"\n\t\t\t\t\t\t\tstep=\"1\"\n\t\t\tplaceholder=\"\"\n\t\t\tinputmode=\"numeric\"\n\t\t\tautocomplete=\"off\"\n\t\t\t\/>\n\t<\/div>\n\n\t\t<button type=\"submit\" name=\"add-to-cart\" value=\"1668\" class=\"single_add_to_cart_button button alt\">Adicionar ao carrinho<\/button>\n\n\t\t\t<\/form>\n\n\t\n\t\t<\/div>\n\n\t\t\t\t\t\t<\/div>\n\t\t\t\t<\/div>\n\t\t\t\t\t<\/div>\n\t\t<\/div>\n\t\t\t\t\t<\/div>\n\t\t<\/section>\n\t\t\t\t<\/div>\n\t\t","protected":false},"excerpt":{"rendered":"<p>Para melhorar o Ingl\u00eas e fortalecer as habilidades de atendimento ao cliente necess\u00e1rios para trabalhar no ramo hoteleiro. \u00a0Este curso aumenta a confian\u00e7a do uso da l\u00edngua em todos os aspectos de comunica\u00e7\u00e3o no setor de turismo e hospitalidade. Este curso vai te ensinar: Flu\u00eancia na conversa\u00e7\u00e3o durante a intera\u00e7\u00e3o com os clientes. Receber visitantes\/fornecer [&hellip;]<\/p>\n","protected":false},"featured_media":5993,"template":"elementor_header_footer","meta":[],"product_brand":[],"product_cat":[15],"product_tag":[],"class_list":{"0":"post-1668","1":"product","2":"type-product","3":"status-publish","4":"has-post-thumbnail","6":"product_cat-cursos","8":"first","9":"instock","10":"shipping-taxable","11":"purchasable","12":"product-type-simple"},"yoast_head":"<!-- This site is optimized with the Yoast SEO plugin v27.4 - https:\/\/yoast.com\/product\/yoast-seo-wordpress\/ -->\n<title>Ingl\u00eas para Hot\u00e9is - Flowing<\/title>\n<meta name=\"robots\" content=\"index, follow, max-snippet:-1, max-image-preview:large, max-video-preview:-1\" \/>\n<link rel=\"canonical\" href=\"https:\/\/flowingbv.com\/br\/produto\/ingles-para-hoteis\/\" \/>\n<meta property=\"og:locale\" content=\"pt_BR\" \/>\n<meta property=\"og:type\" content=\"article\" \/>\n<meta property=\"og:title\" content=\"Ingl\u00eas para Hot\u00e9is - Flowing\" \/>\n<meta property=\"og:description\" content=\"Para melhorar o Ingl\u00eas e fortalecer as habilidades de atendimento ao cliente necess\u00e1rios para trabalhar no ramo hoteleiro. \u00a0Este curso aumenta a confian\u00e7a do uso da l\u00edngua em todos os aspectos de comunica\u00e7\u00e3o no setor de turismo e hospitalidade. Este curso vai te ensinar: Flu\u00eancia na conversa\u00e7\u00e3o durante a intera\u00e7\u00e3o com os clientes. Receber visitantes\/fornecer [&hellip;]\" \/>\n<meta property=\"og:url\" content=\"https:\/\/flowingbv.com\/br\/produto\/ingles-para-hoteis\/\" \/>\n<meta property=\"og:site_name\" content=\"Flowing\" \/>\n<meta property=\"article:modified_time\" content=\"2024-11-22T11:54:57+00:00\" \/>\n<meta property=\"og:image\" content=\"https:\/\/flowingbv.com\/br\/wp-content\/uploads\/2020\/05\/Hospitality-course.jpeg\" \/>\n\t<meta property=\"og:image:width\" content=\"1000\" \/>\n\t<meta property=\"og:image:height\" content=\"667\" \/>\n\t<meta property=\"og:image:type\" content=\"image\/jpeg\" \/>\n<meta name=\"twitter:card\" content=\"summary_large_image\" \/>\n<script type=\"application\/ld+json\" class=\"yoast-schema-graph\">{\"@context\":\"https:\\\/\\\/schema.org\",\"@graph\":[{\"@type\":\"WebPage\",\"@id\":\"https:\\\/\\\/flowingbv.com\\\/br\\\/produto\\\/ingles-para-hoteis\\\/\",\"url\":\"https:\\\/\\\/flowingbv.com\\\/br\\\/produto\\\/ingles-para-hoteis\\\/\",\"name\":\"Ingl\u00eas para Hot\u00e9is - Flowing\",\"isPartOf\":{\"@id\":\"https:\\\/\\\/flowingbv.com\\\/br\\\/#website\"},\"primaryImageOfPage\":{\"@id\":\"https:\\\/\\\/flowingbv.com\\\/br\\\/produto\\\/ingles-para-hoteis\\\/#primaryimage\"},\"image\":{\"@id\":\"https:\\\/\\\/flowingbv.com\\\/br\\\/produto\\\/ingles-para-hoteis\\\/#primaryimage\"},\"thumbnailUrl\":\"https:\\\/\\\/flowingbv.com\\\/br\\\/wp-content\\\/uploads\\\/2020\\\/05\\\/Hospitality-course.jpeg\",\"datePublished\":\"2020-05-29T17:48:13+00:00\",\"dateModified\":\"2024-11-22T11:54:57+00:00\",\"breadcrumb\":{\"@id\":\"https:\\\/\\\/flowingbv.com\\\/br\\\/produto\\\/ingles-para-hoteis\\\/#breadcrumb\"},\"inLanguage\":\"pt-BR\",\"potentialAction\":[{\"@type\":\"ReadAction\",\"target\":[\"https:\\\/\\\/flowingbv.com\\\/br\\\/produto\\\/ingles-para-hoteis\\\/\"]}]},{\"@type\":\"ImageObject\",\"inLanguage\":\"pt-BR\",\"@id\":\"https:\\\/\\\/flowingbv.com\\\/br\\\/produto\\\/ingles-para-hoteis\\\/#primaryimage\",\"url\":\"https:\\\/\\\/flowingbv.com\\\/br\\\/wp-content\\\/uploads\\\/2020\\\/05\\\/Hospitality-course.jpeg\",\"contentUrl\":\"https:\\\/\\\/flowingbv.com\\\/br\\\/wp-content\\\/uploads\\\/2020\\\/05\\\/Hospitality-course.jpeg\",\"width\":1000,\"height\":667,\"caption\":\"Hoteis\"},{\"@type\":\"BreadcrumbList\",\"@id\":\"https:\\\/\\\/flowingbv.com\\\/br\\\/produto\\\/ingles-para-hoteis\\\/#breadcrumb\",\"itemListElement\":[{\"@type\":\"ListItem\",\"position\":1,\"name\":\"In\u00edcio\",\"item\":\"https:\\\/\\\/flowingbv.com\\\/br\\\/\"},{\"@type\":\"ListItem\",\"position\":2,\"name\":\"Loja\",\"item\":\"https:\\\/\\\/flowingbv.com\\\/br\\\/loja\\\/\"},{\"@type\":\"ListItem\",\"position\":3,\"name\":\"Ingl\u00eas para Hot\u00e9is\"}]},{\"@type\":\"WebSite\",\"@id\":\"https:\\\/\\\/flowingbv.com\\\/br\\\/#website\",\"url\":\"https:\\\/\\\/flowingbv.com\\\/br\\\/\",\"name\":\"Flowing\",\"description\":\"Learn Anytime Anywere\",\"publisher\":{\"@id\":\"https:\\\/\\\/flowingbv.com\\\/br\\\/#organization\"},\"potentialAction\":[{\"@type\":\"SearchAction\",\"target\":{\"@type\":\"EntryPoint\",\"urlTemplate\":\"https:\\\/\\\/flowingbv.com\\\/br\\\/?s={search_term_string}\"},\"query-input\":{\"@type\":\"PropertyValueSpecification\",\"valueRequired\":true,\"valueName\":\"search_term_string\"}}],\"inLanguage\":\"pt-BR\"},{\"@type\":\"Organization\",\"@id\":\"https:\\\/\\\/flowingbv.com\\\/br\\\/#organization\",\"name\":\"Flow.ing\",\"url\":\"https:\\\/\\\/flowingbv.com\\\/br\\\/\",\"logo\":{\"@type\":\"ImageObject\",\"inLanguage\":\"pt-BR\",\"@id\":\"https:\\\/\\\/flowingbv.com\\\/br\\\/#\\\/schema\\\/logo\\\/image\\\/\",\"url\":\"https:\\\/\\\/flowingbv.com\\\/br\\\/wp-content\\\/uploads\\\/2020\\\/07\\\/flowing.png\",\"contentUrl\":\"https:\\\/\\\/flowingbv.com\\\/br\\\/wp-content\\\/uploads\\\/2020\\\/07\\\/flowing.png\",\"width\":800,\"height\":763,\"caption\":\"Flow.ing\"},\"image\":{\"@id\":\"https:\\\/\\\/flowingbv.com\\\/br\\\/#\\\/schema\\\/logo\\\/image\\\/\"}}]}<\/script>\n<!-- \/ Yoast SEO plugin. -->","yoast_head_json":{"title":"Ingl\u00eas para Hot\u00e9is - Flowing","robots":{"index":"index","follow":"follow","max-snippet":"max-snippet:-1","max-image-preview":"max-image-preview:large","max-video-preview":"max-video-preview:-1"},"canonical":"https:\/\/flowingbv.com\/br\/produto\/ingles-para-hoteis\/","og_locale":"pt_BR","og_type":"article","og_title":"Ingl\u00eas para Hot\u00e9is - Flowing","og_description":"Para melhorar o Ingl\u00eas e fortalecer as habilidades de atendimento ao cliente necess\u00e1rios para trabalhar no ramo hoteleiro. \u00a0Este curso aumenta a confian\u00e7a do uso da l\u00edngua em todos os aspectos de comunica\u00e7\u00e3o no setor de turismo e hospitalidade. Este curso vai te ensinar: Flu\u00eancia na conversa\u00e7\u00e3o durante a intera\u00e7\u00e3o com os clientes. Receber visitantes\/fornecer [&hellip;]","og_url":"https:\/\/flowingbv.com\/br\/produto\/ingles-para-hoteis\/","og_site_name":"Flowing","article_modified_time":"2024-11-22T11:54:57+00:00","og_image":[{"width":1000,"height":667,"url":"https:\/\/flowingbv.com\/br\/wp-content\/uploads\/2020\/05\/Hospitality-course.jpeg","type":"image\/jpeg"}],"twitter_card":"summary_large_image","schema":{"@context":"https:\/\/schema.org","@graph":[{"@type":"WebPage","@id":"https:\/\/flowingbv.com\/br\/produto\/ingles-para-hoteis\/","url":"https:\/\/flowingbv.com\/br\/produto\/ingles-para-hoteis\/","name":"Ingl\u00eas para Hot\u00e9is - Flowing","isPartOf":{"@id":"https:\/\/flowingbv.com\/br\/#website"},"primaryImageOfPage":{"@id":"https:\/\/flowingbv.com\/br\/produto\/ingles-para-hoteis\/#primaryimage"},"image":{"@id":"https:\/\/flowingbv.com\/br\/produto\/ingles-para-hoteis\/#primaryimage"},"thumbnailUrl":"https:\/\/flowingbv.com\/br\/wp-content\/uploads\/2020\/05\/Hospitality-course.jpeg","datePublished":"2020-05-29T17:48:13+00:00","dateModified":"2024-11-22T11:54:57+00:00","breadcrumb":{"@id":"https:\/\/flowingbv.com\/br\/produto\/ingles-para-hoteis\/#breadcrumb"},"inLanguage":"pt-BR","potentialAction":[{"@type":"ReadAction","target":["https:\/\/flowingbv.com\/br\/produto\/ingles-para-hoteis\/"]}]},{"@type":"ImageObject","inLanguage":"pt-BR","@id":"https:\/\/flowingbv.com\/br\/produto\/ingles-para-hoteis\/#primaryimage","url":"https:\/\/flowingbv.com\/br\/wp-content\/uploads\/2020\/05\/Hospitality-course.jpeg","contentUrl":"https:\/\/flowingbv.com\/br\/wp-content\/uploads\/2020\/05\/Hospitality-course.jpeg","width":1000,"height":667,"caption":"Hoteis"},{"@type":"BreadcrumbList","@id":"https:\/\/flowingbv.com\/br\/produto\/ingles-para-hoteis\/#breadcrumb","itemListElement":[{"@type":"ListItem","position":1,"name":"In\u00edcio","item":"https:\/\/flowingbv.com\/br\/"},{"@type":"ListItem","position":2,"name":"Loja","item":"https:\/\/flowingbv.com\/br\/loja\/"},{"@type":"ListItem","position":3,"name":"Ingl\u00eas para Hot\u00e9is"}]},{"@type":"WebSite","@id":"https:\/\/flowingbv.com\/br\/#website","url":"https:\/\/flowingbv.com\/br\/","name":"Flowing","description":"Learn Anytime Anywere","publisher":{"@id":"https:\/\/flowingbv.com\/br\/#organization"},"potentialAction":[{"@type":"SearchAction","target":{"@type":"EntryPoint","urlTemplate":"https:\/\/flowingbv.com\/br\/?s={search_term_string}"},"query-input":{"@type":"PropertyValueSpecification","valueRequired":true,"valueName":"search_term_string"}}],"inLanguage":"pt-BR"},{"@type":"Organization","@id":"https:\/\/flowingbv.com\/br\/#organization","name":"Flow.ing","url":"https:\/\/flowingbv.com\/br\/","logo":{"@type":"ImageObject","inLanguage":"pt-BR","@id":"https:\/\/flowingbv.com\/br\/#\/schema\/logo\/image\/","url":"https:\/\/flowingbv.com\/br\/wp-content\/uploads\/2020\/07\/flowing.png","contentUrl":"https:\/\/flowingbv.com\/br\/wp-content\/uploads\/2020\/07\/flowing.png","width":800,"height":763,"caption":"Flow.ing"},"image":{"@id":"https:\/\/flowingbv.com\/br\/#\/schema\/logo\/image\/"}}]}},"_links":{"self":[{"href":"https:\/\/flowingbv.com\/br\/wp-json\/wp\/v2\/product\/1668","targetHints":{"allow":["GET"]}}],"collection":[{"href":"https:\/\/flowingbv.com\/br\/wp-json\/wp\/v2\/product"}],"about":[{"href":"https:\/\/flowingbv.com\/br\/wp-json\/wp\/v2\/types\/product"}],"version-history":[{"count":23,"href":"https:\/\/flowingbv.com\/br\/wp-json\/wp\/v2\/product\/1668\/revisions"}],"predecessor-version":[{"id":6322,"href":"https:\/\/flowingbv.com\/br\/wp-json\/wp\/v2\/product\/1668\/revisions\/6322"}],"wp:featuredmedia":[{"embeddable":true,"href":"https:\/\/flowingbv.com\/br\/wp-json\/wp\/v2\/media\/5993"}],"wp:attachment":[{"href":"https:\/\/flowingbv.com\/br\/wp-json\/wp\/v2\/media?parent=1668"}],"wp:term":[{"taxonomy":"product_brand","embeddable":true,"href":"https:\/\/flowingbv.com\/br\/wp-json\/wp\/v2\/product_brand?post=1668"},{"taxonomy":"product_cat","embeddable":true,"href":"https:\/\/flowingbv.com\/br\/wp-json\/wp\/v2\/product_cat?post=1668"},{"taxonomy":"product_tag","embeddable":true,"href":"https:\/\/flowingbv.com\/br\/wp-json\/wp\/v2\/product_tag?post=1668"}],"curies":[{"name":"wp","href":"https:\/\/api.w.org\/{rel}","templated":true}]}}