{"id":2751,"date":"2020-06-30T18:35:04","date_gmt":"2020-06-30T18:35:04","guid":{"rendered":"https:\/\/flowingbv.com\/br\/?post_type=product&#038;p=2751"},"modified":"2024-11-22T08:55:39","modified_gmt":"2024-11-22T11:55:39","slug":"curso-preparatorio-de-escrita-para-ielts-toefl","status":"publish","type":"product","link":"https:\/\/flowingbv.com\/br\/produto\/curso-preparatorio-de-escrita-para-ielts-toefl\/","title":{"rendered":"Curso preparat\u00f3rio de escrita para IELTS \/ TOEFL"},"content":{"rendered":"\t\t<div data-elementor-type=\"product-post\" data-elementor-id=\"2751\" class=\"elementor elementor-2751\" data-elementor-post-type=\"product\">\n\t\t\t\t\t\t<section class=\"elementor-section elementor-top-section elementor-element elementor-element-1ff1fa6c elementor-section-height-min-height elementor-section-boxed elementor-section-height-default elementor-section-items-middle\" data-id=\"1ff1fa6c\" data-element_type=\"section\" data-e-type=\"section\" data-settings=\"{&quot;background_background&quot;:&quot;classic&quot;}\">\n\t\t\t\t\t\t\t<div class=\"elementor-background-overlay\"><\/div>\n\t\t\t\t\t\t\t<div class=\"elementor-container elementor-column-gap-default\">\n\t\t\t\t\t<div class=\"elementor-column elementor-col-100 elementor-top-column elementor-element elementor-element-17e902c4\" data-id=\"17e902c4\" data-element_type=\"column\" data-e-type=\"column\">\n\t\t\t<div class=\"elementor-widget-wrap elementor-element-populated\">\n\t\t\t\t\t\t<div class=\"elementor-element elementor-element-746873d3 elementor-widget elementor-widget-heading\" data-id=\"746873d3\" data-element_type=\"widget\" data-e-type=\"widget\" data-widget_type=\"heading.default\">\n\t\t\t\t<div class=\"elementor-widget-container\">\n\t\t\t\t\t<h1 class=\"elementor-heading-title elementor-size-default\">Curso preparat\u00f3rio de escrita para IELTS\/TOEFL\n<\/h1>\t\t\t\t<\/div>\n\t\t\t\t<\/div>\n\t\t\t\t\t<\/div>\n\t\t<\/div>\n\t\t\t\t\t<\/div>\n\t\t<\/section>\n\t\t\t\t<section class=\"elementor-section elementor-top-section elementor-element elementor-element-6690ca1c elementor-reverse-mobile elementor-section-boxed elementor-section-height-default elementor-section-height-default\" data-id=\"6690ca1c\" data-element_type=\"section\" data-e-type=\"section\">\n\t\t\t\t\t\t<div class=\"elementor-container elementor-column-gap-default\">\n\t\t\t\t\t<div class=\"elementor-column elementor-col-50 elementor-top-column elementor-element elementor-element-2c71e3ad\" data-id=\"2c71e3ad\" data-element_type=\"column\" data-e-type=\"column\">\n\t\t\t<div class=\"elementor-widget-wrap elementor-element-populated\">\n\t\t\t\t\t\t<div class=\"elementor-element elementor-element-78ef4254 elementor-widget elementor-widget-text-editor\" data-id=\"78ef4254\" data-element_type=\"widget\" data-e-type=\"widget\" data-widget_type=\"text-editor.default\">\n\t\t\t\t<div class=\"elementor-widget-container\">\n\t\t\t\t\t\t\t\t\t<p>Este curso vai te ajudar a melhorar a escrita e se preparar para o exame IELTS\/TOEFL. O curso \u00e9 dividido em duas partes: estrutura da escrita e escrita aplicada.<\/p>\t\t\t\t\t\t\t\t<\/div>\n\t\t\t\t<\/div>\n\t\t\t\t<section class=\"elementor-section elementor-inner-section elementor-element elementor-element-5dab36ed elementor-section-boxed elementor-section-height-default elementor-section-height-default\" data-id=\"5dab36ed\" data-element_type=\"section\" data-e-type=\"section\">\n\t\t\t\t\t\t<div class=\"elementor-container elementor-column-gap-default\">\n\t\t\t\t\t<div class=\"elementor-column elementor-col-100 elementor-inner-column elementor-element elementor-element-115a250d animated-slow elementor-invisible\" data-id=\"115a250d\" data-element_type=\"column\" data-e-type=\"column\" data-settings=\"{&quot;animation&quot;:&quot;zoomIn&quot;,&quot;animation_delay&quot;:80,&quot;background_background&quot;:&quot;classic&quot;}\">\n\t\t\t<div class=\"elementor-widget-wrap elementor-element-populated\">\n\t\t\t\t\t\t<div class=\"elementor-element elementor-element-39eca9a1 elementor-widget elementor-widget-heading\" data-id=\"39eca9a1\" data-element_type=\"widget\" data-e-type=\"widget\" data-widget_type=\"heading.default\">\n\t\t\t\t<div class=\"elementor-widget-container\">\n\t\t\t\t\t<h2 class=\"elementor-heading-title elementor-size-default\">Este curso inclui:\n<\/h2>\t\t\t\t<\/div>\n\t\t\t\t<\/div>\n\t\t\t\t<div class=\"elementor-element elementor-element-1455eedf elementor-widget elementor-widget-text-editor\" data-id=\"1455eedf\" data-element_type=\"widget\" data-e-type=\"widget\" data-widget_type=\"text-editor.default\">\n\t\t\t\t<div class=\"elementor-widget-container\">\n\t\t\t\t\t\t\t\t\t<ul><li>Testes pr\u00e1ticos.<\/li><li>Dicas e conselhos para o teste.<\/li><li>Feedback pessoal para ajudar a analisar seu progresso.<\/li><li>Professor exclusivo.<\/li><\/ul>\t\t\t\t\t\t\t\t<\/div>\n\t\t\t\t<\/div>\n\t\t\t\t\t<\/div>\n\t\t<\/div>\n\t\t\t\t<div class=\"elementor-column elementor-col-100 elementor-inner-column elementor-element elementor-element-7ed73da animated-slow elementor-invisible\" data-id=\"7ed73da\" data-element_type=\"column\" data-e-type=\"column\" data-settings=\"{&quot;animation&quot;:&quot;zoomIn&quot;,&quot;animation_delay&quot;:80,&quot;background_background&quot;:&quot;classic&quot;}\">\n\t\t\t<div class=\"elementor-widget-wrap elementor-element-populated\">\n\t\t\t\t\t\t<div class=\"elementor-element elementor-element-4f6fbf6 elementor-widget elementor-widget-heading\" data-id=\"4f6fbf6\" data-element_type=\"widget\" data-e-type=\"widget\" data-widget_type=\"heading.default\">\n\t\t\t\t<div class=\"elementor-widget-container\">\n\t\t\t\t\t<h2 class=\"elementor-heading-title elementor-size-default\">As vantagens de estudar em grupo s\u00e3o:<\/h2>\t\t\t\t<\/div>\n\t\t\t\t<\/div>\n\t\t\t\t<div class=\"elementor-element elementor-element-a4cf312 elementor-widget elementor-widget-text-editor\" data-id=\"a4cf312\" data-element_type=\"widget\" data-e-type=\"widget\" data-widget_type=\"text-editor.default\">\n\t\t\t\t<div class=\"elementor-widget-container\">\n\t\t\t\t\t\t\t\t\t<ul class=\"ul1\"><li class=\"li1\">Mais atividades.<\/li><li class=\"li1\"><span class=\"s2\">Aprender sobre diferentes culturas.<\/span><\/li><li class=\"li1\"><span class=\"s2\">Trabalhos em pares.<\/span><\/li><li class=\"li1\"><span class=\"s2\">Novos amigos\/contatos em todo o mundo.<\/span><\/li><li class=\"li1\"><span class=\"s2\">Pequenos grupos de at\u00e9 10 alunos.<\/span><\/li><\/ul>\t\t\t\t\t\t\t\t<\/div>\n\t\t\t\t<\/div>\n\t\t\t\t\t<\/div>\n\t\t<\/div>\n\t\t\t\t\t<\/div>\n\t\t<\/section>\n\t\t\t\t\t<\/div>\n\t\t<\/div>\n\t\t\t\t<div class=\"elementor-column elementor-col-50 elementor-top-column elementor-element elementor-element-58f6a9dc\" data-id=\"58f6a9dc\" data-element_type=\"column\" data-e-type=\"column\">\n\t\t\t<div class=\"elementor-widget-wrap elementor-element-populated\">\n\t\t\t\t\t\t<div class=\"elementor-element elementor-element-700960d6 elementor-widget elementor-widget-image\" data-id=\"700960d6\" data-element_type=\"widget\" data-e-type=\"widget\" data-widget_type=\"image.default\">\n\t\t\t\t<div class=\"elementor-widget-container\">\n\t\t\t\t\t\t\t\t\t\t\t\t\t\t\t<img decoding=\"async\" src=\"https:\/\/flowingbv.com\/br\/wp-content\/uploads\/2020\/06\/pexels-karolina-grabowska-4207708.jpg\" title=\"\" alt=\"\" loading=\"lazy\" \/>\t\t\t\t\t\t\t\t\t\t\t\t\t\t\t<\/div>\n\t\t\t\t<\/div>\n\t\t\t\t\t<\/div>\n\t\t<\/div>\n\t\t\t\t\t<\/div>\n\t\t<\/section>\n\t\t\t\t<section class=\"elementor-section elementor-top-section elementor-element elementor-element-d25209f elementor-section-boxed elementor-section-height-default elementor-section-height-default\" data-id=\"d25209f\" data-element_type=\"section\" data-e-type=\"section\" data-settings=\"{&quot;background_background&quot;:&quot;classic&quot;}\">\n\t\t\t\t\t\t<div class=\"elementor-container elementor-column-gap-default\">\n\t\t\t\t\t<div class=\"elementor-column elementor-col-100 elementor-top-column elementor-element elementor-element-c2b0b77\" data-id=\"c2b0b77\" data-element_type=\"column\" data-e-type=\"column\">\n\t\t\t<div class=\"elementor-widget-wrap elementor-element-populated\">\n\t\t\t\t\t\t<div class=\"elementor-element elementor-element-26b48c6 elementor-widget elementor-widget-text-editor\" data-id=\"26b48c6\" data-element_type=\"widget\" data-e-type=\"widget\" data-widget_type=\"text-editor.default\">\n\t\t\t\t<div class=\"elementor-widget-container\">\n\t\t\t\t\t\t\t\t\t<p>ENTRE EM CONTATO PARA MAIS INFORMA\u00c7\u00d5ES<\/p>\t\t\t\t\t\t\t\t<\/div>\n\t\t\t\t<\/div>\n\t\t\t\t\t<\/div>\n\t\t<\/div>\n\t\t\t\t\t<\/div>\n\t\t<\/section>\n\t\t\t\t<section class=\"elementor-section elementor-top-section elementor-element elementor-element-234411cd elementor-section-boxed elementor-section-height-default elementor-section-height-default\" data-id=\"234411cd\" data-element_type=\"section\" data-e-type=\"section\">\n\t\t\t\t\t\t<div class=\"elementor-container elementor-column-gap-extended\">\n\t\t\t\t\t<div class=\"elementor-column elementor-col-50 elementor-top-column elementor-element elementor-element-5f6cc13\" data-id=\"5f6cc13\" data-element_type=\"column\" data-e-type=\"column\" data-settings=\"{&quot;background_background&quot;:&quot;classic&quot;}\">\n\t\t\t<div class=\"elementor-widget-wrap elementor-element-populated\">\n\t\t\t\t\t\t<div class=\"elementor-element elementor-element-22929e61 elementor-widget elementor-widget-heading\" data-id=\"22929e61\" data-element_type=\"widget\" data-e-type=\"widget\" data-widget_type=\"heading.default\">\n\t\t\t\t<div class=\"elementor-widget-container\">\n\t\t\t\t\t<h2 class=\"elementor-heading-title elementor-size-default\">Curso preparat\u00f3rio de escrita para IELTS\/TOEFL\n<\/h2>\t\t\t\t<\/div>\n\t\t\t\t<\/div>\n\t\t\t\t<div class=\"elementor-element elementor-element-4b0314f8 elementor-widget elementor-widget-text-editor\" data-id=\"4b0314f8\" data-element_type=\"widget\" data-e-type=\"widget\" data-widget_type=\"text-editor.default\">\n\t\t\t\t<div class=\"elementor-widget-container\">\n\t\t\t\t\t\t\t\t\t<ul><li>Frequ\u00eancia: 1x\/semana\u00a0<\/li><li>Dura\u00e7\u00e3o do curso: 12 semanas<\/li><li><span style=\"letter-spacing: 0px;\">Dura\u00e7\u00e3o da aula: 60 minutos<\/span><\/li><li>M\u00ednimo de ingl\u00eas exigido: intermedi\u00e1rio avan\u00e7ado\u00a0<\/li><li>Feedback e suporte de um professor personalizado<\/li><li>Plano de estudos pessoal<\/li><li>Relat\u00f3rio de progresso<\/li><li>Login personalizado<\/li><li>Professor nativo qualificado &#8211; TEFL<\/li><li>\u00a0<\/li><\/ul>\t\t\t\t\t\t\t\t<\/div>\n\t\t\t\t<\/div>\n\t\t\t\t<div class=\"elementor-element elementor-element-c6ac50d elementor-align-center elementor-widget elementor-widget-button\" data-id=\"c6ac50d\" data-element_type=\"widget\" data-e-type=\"widget\" data-widget_type=\"button.default\">\n\t\t\t\t<div class=\"elementor-widget-container\">\n\t\t\t\t\t\t\t\t\t<div class=\"elementor-button-wrapper\">\n\t\t\t\t\t<a class=\"elementor-button elementor-button-link elementor-size-sm\" href=\"https:\/\/wa.me\/+5541991888188\">\n\t\t\t\t\t\t<span class=\"elementor-button-content-wrapper\">\n\t\t\t\t\t\t\t\t\t<span class=\"elementor-button-text\">Fale conosco<\/span>\n\t\t\t\t\t<\/span>\n\t\t\t\t\t<\/a>\n\t\t\t\t<\/div>\n\t\t\t\t\t\t\t\t<\/div>\n\t\t\t\t<\/div>\n\t\t\t\t\t<\/div>\n\t\t<\/div>\n\t\t\t\t<div class=\"elementor-column elementor-col-50 elementor-top-column elementor-element elementor-element-d2e7722\" data-id=\"d2e7722\" data-element_type=\"column\" data-e-type=\"column\" data-settings=\"{&quot;background_background&quot;:&quot;classic&quot;}\">\n\t\t\t<div class=\"elementor-widget-wrap elementor-element-populated\">\n\t\t\t\t\t\t<div class=\"elementor-element elementor-element-a47c495 elementor-widget elementor-widget-heading\" data-id=\"a47c495\" data-element_type=\"widget\" data-e-type=\"widget\" data-widget_type=\"heading.default\">\n\t\t\t\t<div class=\"elementor-widget-container\">\n\t\t\t\t\t<h2 class=\"elementor-heading-title elementor-size-default\">PREPARAT\u00d3RIO DE ESCRITA + IELTS\/TOEFL<\/h2>\t\t\t\t<\/div>\n\t\t\t\t<\/div>\n\t\t\t\t<div class=\"elementor-element elementor-element-346f0a8 elementor-widget elementor-widget-text-editor\" data-id=\"346f0a8\" data-element_type=\"widget\" data-e-type=\"widget\" data-widget_type=\"text-editor.default\">\n\t\t\t\t<div class=\"elementor-widget-container\">\n\t\t\t\t\t\t\t\t\t<ul><li>Frequ\u00eancia: 4x\/semana de aulas ao vivo<\/li><li>2x\/semana de acesso a aulas de multim\u00eddia<\/li><li>Dura\u00e7\u00e3o do curso: 12 semanas<\/li><li><span style=\"letter-spacing: 0px;\">Dura\u00e7\u00e3o da aula: 60 minutos<\/span><\/li><li>M\u00ednimo de ingl\u00eas exigido: intermedi\u00e1rio \u00a0avan\u00e7ado\u00a0<\/li><li>Feedback e suporte de um professor personalizado<\/li><li>Plano de estudos pessoal<\/li><li>Relat\u00f3rio de progresso<\/li><li>Login personalizado<\/li><li>Professor nativo qualificado &#8211; TEFL<\/li><\/ul>\t\t\t\t\t\t\t\t<\/div>\n\t\t\t\t<\/div>\n\t\t\t\t<div class=\"elementor-element elementor-element-6722753 elementor-align-center elementor-widget elementor-widget-button\" data-id=\"6722753\" data-element_type=\"widget\" data-e-type=\"widget\" data-widget_type=\"button.default\">\n\t\t\t\t<div class=\"elementor-widget-container\">\n\t\t\t\t\t\t\t\t\t<div class=\"elementor-button-wrapper\">\n\t\t\t\t\t<a class=\"elementor-button elementor-button-link elementor-size-sm\" href=\"https:\/\/wa.me\/+5541991888188\">\n\t\t\t\t\t\t<span class=\"elementor-button-content-wrapper\">\n\t\t\t\t\t\t\t\t\t<span class=\"elementor-button-text\">Fale conosco<\/span>\n\t\t\t\t\t<\/span>\n\t\t\t\t\t<\/a>\n\t\t\t\t<\/div>\n\t\t\t\t\t\t\t\t<\/div>\n\t\t\t\t<\/div>\n\t\t\t\t\t<\/div>\n\t\t<\/div>\n\t\t\t\t\t<\/div>\n\t\t<\/section>\n\t\t\t\t<section class=\"elementor-section elementor-top-section elementor-element elementor-element-31bca5b elementor-section-boxed elementor-section-height-default elementor-section-height-default\" data-id=\"31bca5b\" data-element_type=\"section\" data-e-type=\"section\">\n\t\t\t\t\t\t<div class=\"elementor-container elementor-column-gap-default\">\n\t\t\t\t\t<div class=\"elementor-column elementor-col-100 elementor-top-column elementor-element elementor-element-723a2d9\" data-id=\"723a2d9\" data-element_type=\"column\" data-e-type=\"column\">\n\t\t\t<div class=\"elementor-widget-wrap\">\n\t\t\t\t\t\t\t<\/div>\n\t\t<\/div>\n\t\t\t\t\t<\/div>\n\t\t<\/section>\n\t\t\t\t<\/div>\n\t\t","protected":false},"excerpt":{"rendered":"<p>Curso preparat\u00f3rio de escrita para IELTS\/TOEFL Este curso vai te ajudar a melhorar a escrita e se preparar para o exame IELTS\/TOEFL. O curso \u00e9 dividido em duas partes: estrutura da escrita e escrita aplicada. Este curso inclui: Testes pr\u00e1ticos. Dicas e conselhos para o teste. Feedback pessoal para ajudar a analisar seu progresso. Professor [&hellip;]<\/p>\n","protected":false},"featured_media":5521,"template":"elementor_header_footer","meta":[],"product_brand":[],"product_cat":[15],"product_tag":[],"class_list":{"0":"post-2751","1":"product","2":"type-product","3":"status-publish","4":"has-post-thumbnail","6":"product_cat-cursos","8":"first","9":"instock","10":"shipping-taxable","11":"purchasable","12":"product-type-simple"},"yoast_head":"<!-- This site is optimized with the Yoast SEO plugin v27.4 - https:\/\/yoast.com\/product\/yoast-seo-wordpress\/ -->\n<title>Curso preparat\u00f3rio de escrita para IELTS \/ TOEFL - Flowing<\/title>\n<meta name=\"robots\" content=\"index, follow, max-snippet:-1, max-image-preview:large, max-video-preview:-1\" \/>\n<link rel=\"canonical\" href=\"https:\/\/flowingbv.com\/br\/produto\/curso-preparatorio-de-escrita-para-ielts-toefl\/\" \/>\n<meta property=\"og:locale\" content=\"pt_BR\" \/>\n<meta property=\"og:type\" content=\"article\" \/>\n<meta property=\"og:title\" content=\"Curso preparat\u00f3rio de escrita para IELTS \/ TOEFL - Flowing\" \/>\n<meta property=\"og:description\" content=\"Curso preparat\u00f3rio de escrita para IELTS\/TOEFL Este curso vai te ajudar a melhorar a escrita e se preparar para o exame IELTS\/TOEFL. O curso \u00e9 dividido em duas partes: estrutura da escrita e escrita aplicada. Este curso inclui: Testes pr\u00e1ticos. Dicas e conselhos para o teste. Feedback pessoal para ajudar a analisar seu progresso. Professor [&hellip;]\" \/>\n<meta property=\"og:url\" content=\"https:\/\/flowingbv.com\/br\/produto\/curso-preparatorio-de-escrita-para-ielts-toefl\/\" \/>\n<meta property=\"og:site_name\" content=\"Flowing\" \/>\n<meta property=\"article:modified_time\" content=\"2024-11-22T11:55:39+00:00\" \/>\n<meta property=\"og:image\" content=\"https:\/\/flowingbv.com\/br\/wp-content\/uploads\/2020\/06\/pexels-karolina-grabowska-4207708.jpg\" \/>\n\t<meta property=\"og:image:width\" content=\"640\" \/>\n\t<meta property=\"og:image:height\" content=\"960\" \/>\n\t<meta property=\"og:image:type\" content=\"image\/jpeg\" \/>\n<meta name=\"twitter:card\" content=\"summary_large_image\" \/>\n<script type=\"application\/ld+json\" class=\"yoast-schema-graph\">{\"@context\":\"https:\\\/\\\/schema.org\",\"@graph\":[{\"@type\":\"WebPage\",\"@id\":\"https:\\\/\\\/flowingbv.com\\\/br\\\/produto\\\/curso-preparatorio-de-escrita-para-ielts-toefl\\\/\",\"url\":\"https:\\\/\\\/flowingbv.com\\\/br\\\/produto\\\/curso-preparatorio-de-escrita-para-ielts-toefl\\\/\",\"name\":\"Curso preparat\u00f3rio de escrita para IELTS \\\/ TOEFL - Flowing\",\"isPartOf\":{\"@id\":\"https:\\\/\\\/flowingbv.com\\\/br\\\/#website\"},\"primaryImageOfPage\":{\"@id\":\"https:\\\/\\\/flowingbv.com\\\/br\\\/produto\\\/curso-preparatorio-de-escrita-para-ielts-toefl\\\/#primaryimage\"},\"image\":{\"@id\":\"https:\\\/\\\/flowingbv.com\\\/br\\\/produto\\\/curso-preparatorio-de-escrita-para-ielts-toefl\\\/#primaryimage\"},\"thumbnailUrl\":\"https:\\\/\\\/flowingbv.com\\\/br\\\/wp-content\\\/uploads\\\/2020\\\/06\\\/pexels-karolina-grabowska-4207708.jpg\",\"datePublished\":\"2020-06-30T18:35:04+00:00\",\"dateModified\":\"2024-11-22T11:55:39+00:00\",\"breadcrumb\":{\"@id\":\"https:\\\/\\\/flowingbv.com\\\/br\\\/produto\\\/curso-preparatorio-de-escrita-para-ielts-toefl\\\/#breadcrumb\"},\"inLanguage\":\"pt-BR\",\"potentialAction\":[{\"@type\":\"ReadAction\",\"target\":[\"https:\\\/\\\/flowingbv.com\\\/br\\\/produto\\\/curso-preparatorio-de-escrita-para-ielts-toefl\\\/\"]}]},{\"@type\":\"ImageObject\",\"inLanguage\":\"pt-BR\",\"@id\":\"https:\\\/\\\/flowingbv.com\\\/br\\\/produto\\\/curso-preparatorio-de-escrita-para-ielts-toefl\\\/#primaryimage\",\"url\":\"https:\\\/\\\/flowingbv.com\\\/br\\\/wp-content\\\/uploads\\\/2020\\\/06\\\/pexels-karolina-grabowska-4207708.jpg\",\"contentUrl\":\"https:\\\/\\\/flowingbv.com\\\/br\\\/wp-content\\\/uploads\\\/2020\\\/06\\\/pexels-karolina-grabowska-4207708.jpg\",\"width\":640,\"height\":960},{\"@type\":\"BreadcrumbList\",\"@id\":\"https:\\\/\\\/flowingbv.com\\\/br\\\/produto\\\/curso-preparatorio-de-escrita-para-ielts-toefl\\\/#breadcrumb\",\"itemListElement\":[{\"@type\":\"ListItem\",\"position\":1,\"name\":\"In\u00edcio\",\"item\":\"https:\\\/\\\/flowingbv.com\\\/br\\\/\"},{\"@type\":\"ListItem\",\"position\":2,\"name\":\"Loja\",\"item\":\"https:\\\/\\\/flowingbv.com\\\/br\\\/loja\\\/\"},{\"@type\":\"ListItem\",\"position\":3,\"name\":\"Curso preparat\u00f3rio de escrita para IELTS \\\/ TOEFL\"}]},{\"@type\":\"WebSite\",\"@id\":\"https:\\\/\\\/flowingbv.com\\\/br\\\/#website\",\"url\":\"https:\\\/\\\/flowingbv.com\\\/br\\\/\",\"name\":\"Flowing\",\"description\":\"Learn Anytime Anywere\",\"publisher\":{\"@id\":\"https:\\\/\\\/flowingbv.com\\\/br\\\/#organization\"},\"potentialAction\":[{\"@type\":\"SearchAction\",\"target\":{\"@type\":\"EntryPoint\",\"urlTemplate\":\"https:\\\/\\\/flowingbv.com\\\/br\\\/?s={search_term_string}\"},\"query-input\":{\"@type\":\"PropertyValueSpecification\",\"valueRequired\":true,\"valueName\":\"search_term_string\"}}],\"inLanguage\":\"pt-BR\"},{\"@type\":\"Organization\",\"@id\":\"https:\\\/\\\/flowingbv.com\\\/br\\\/#organization\",\"name\":\"Flow.ing\",\"url\":\"https:\\\/\\\/flowingbv.com\\\/br\\\/\",\"logo\":{\"@type\":\"ImageObject\",\"inLanguage\":\"pt-BR\",\"@id\":\"https:\\\/\\\/flowingbv.com\\\/br\\\/#\\\/schema\\\/logo\\\/image\\\/\",\"url\":\"https:\\\/\\\/flowingbv.com\\\/br\\\/wp-content\\\/uploads\\\/2020\\\/07\\\/flowing.png\",\"contentUrl\":\"https:\\\/\\\/flowingbv.com\\\/br\\\/wp-content\\\/uploads\\\/2020\\\/07\\\/flowing.png\",\"width\":800,\"height\":763,\"caption\":\"Flow.ing\"},\"image\":{\"@id\":\"https:\\\/\\\/flowingbv.com\\\/br\\\/#\\\/schema\\\/logo\\\/image\\\/\"}}]}<\/script>\n<!-- \/ Yoast SEO plugin. -->","yoast_head_json":{"title":"Curso preparat\u00f3rio de escrita para IELTS \/ TOEFL - Flowing","robots":{"index":"index","follow":"follow","max-snippet":"max-snippet:-1","max-image-preview":"max-image-preview:large","max-video-preview":"max-video-preview:-1"},"canonical":"https:\/\/flowingbv.com\/br\/produto\/curso-preparatorio-de-escrita-para-ielts-toefl\/","og_locale":"pt_BR","og_type":"article","og_title":"Curso preparat\u00f3rio de escrita para IELTS \/ TOEFL - Flowing","og_description":"Curso preparat\u00f3rio de escrita para IELTS\/TOEFL Este curso vai te ajudar a melhorar a escrita e se preparar para o exame IELTS\/TOEFL. O curso \u00e9 dividido em duas partes: estrutura da escrita e escrita aplicada. Este curso inclui: Testes pr\u00e1ticos. Dicas e conselhos para o teste. Feedback pessoal para ajudar a analisar seu progresso. Professor [&hellip;]","og_url":"https:\/\/flowingbv.com\/br\/produto\/curso-preparatorio-de-escrita-para-ielts-toefl\/","og_site_name":"Flowing","article_modified_time":"2024-11-22T11:55:39+00:00","og_image":[{"width":640,"height":960,"url":"https:\/\/flowingbv.com\/br\/wp-content\/uploads\/2020\/06\/pexels-karolina-grabowska-4207708.jpg","type":"image\/jpeg"}],"twitter_card":"summary_large_image","schema":{"@context":"https:\/\/schema.org","@graph":[{"@type":"WebPage","@id":"https:\/\/flowingbv.com\/br\/produto\/curso-preparatorio-de-escrita-para-ielts-toefl\/","url":"https:\/\/flowingbv.com\/br\/produto\/curso-preparatorio-de-escrita-para-ielts-toefl\/","name":"Curso preparat\u00f3rio de escrita para IELTS \/ TOEFL - Flowing","isPartOf":{"@id":"https:\/\/flowingbv.com\/br\/#website"},"primaryImageOfPage":{"@id":"https:\/\/flowingbv.com\/br\/produto\/curso-preparatorio-de-escrita-para-ielts-toefl\/#primaryimage"},"image":{"@id":"https:\/\/flowingbv.com\/br\/produto\/curso-preparatorio-de-escrita-para-ielts-toefl\/#primaryimage"},"thumbnailUrl":"https:\/\/flowingbv.com\/br\/wp-content\/uploads\/2020\/06\/pexels-karolina-grabowska-4207708.jpg","datePublished":"2020-06-30T18:35:04+00:00","dateModified":"2024-11-22T11:55:39+00:00","breadcrumb":{"@id":"https:\/\/flowingbv.com\/br\/produto\/curso-preparatorio-de-escrita-para-ielts-toefl\/#breadcrumb"},"inLanguage":"pt-BR","potentialAction":[{"@type":"ReadAction","target":["https:\/\/flowingbv.com\/br\/produto\/curso-preparatorio-de-escrita-para-ielts-toefl\/"]}]},{"@type":"ImageObject","inLanguage":"pt-BR","@id":"https:\/\/flowingbv.com\/br\/produto\/curso-preparatorio-de-escrita-para-ielts-toefl\/#primaryimage","url":"https:\/\/flowingbv.com\/br\/wp-content\/uploads\/2020\/06\/pexels-karolina-grabowska-4207708.jpg","contentUrl":"https:\/\/flowingbv.com\/br\/wp-content\/uploads\/2020\/06\/pexels-karolina-grabowska-4207708.jpg","width":640,"height":960},{"@type":"BreadcrumbList","@id":"https:\/\/flowingbv.com\/br\/produto\/curso-preparatorio-de-escrita-para-ielts-toefl\/#breadcrumb","itemListElement":[{"@type":"ListItem","position":1,"name":"In\u00edcio","item":"https:\/\/flowingbv.com\/br\/"},{"@type":"ListItem","position":2,"name":"Loja","item":"https:\/\/flowingbv.com\/br\/loja\/"},{"@type":"ListItem","position":3,"name":"Curso preparat\u00f3rio de escrita para IELTS \/ TOEFL"}]},{"@type":"WebSite","@id":"https:\/\/flowingbv.com\/br\/#website","url":"https:\/\/flowingbv.com\/br\/","name":"Flowing","description":"Learn Anytime Anywere","publisher":{"@id":"https:\/\/flowingbv.com\/br\/#organization"},"potentialAction":[{"@type":"SearchAction","target":{"@type":"EntryPoint","urlTemplate":"https:\/\/flowingbv.com\/br\/?s={search_term_string}"},"query-input":{"@type":"PropertyValueSpecification","valueRequired":true,"valueName":"search_term_string"}}],"inLanguage":"pt-BR"},{"@type":"Organization","@id":"https:\/\/flowingbv.com\/br\/#organization","name":"Flow.ing","url":"https:\/\/flowingbv.com\/br\/","logo":{"@type":"ImageObject","inLanguage":"pt-BR","@id":"https:\/\/flowingbv.com\/br\/#\/schema\/logo\/image\/","url":"https:\/\/flowingbv.com\/br\/wp-content\/uploads\/2020\/07\/flowing.png","contentUrl":"https:\/\/flowingbv.com\/br\/wp-content\/uploads\/2020\/07\/flowing.png","width":800,"height":763,"caption":"Flow.ing"},"image":{"@id":"https:\/\/flowingbv.com\/br\/#\/schema\/logo\/image\/"}}]}},"_links":{"self":[{"href":"https:\/\/flowingbv.com\/br\/wp-json\/wp\/v2\/product\/2751","targetHints":{"allow":["GET"]}}],"collection":[{"href":"https:\/\/flowingbv.com\/br\/wp-json\/wp\/v2\/product"}],"about":[{"href":"https:\/\/flowingbv.com\/br\/wp-json\/wp\/v2\/types\/product"}],"version-history":[{"count":28,"href":"https:\/\/flowingbv.com\/br\/wp-json\/wp\/v2\/product\/2751\/revisions"}],"predecessor-version":[{"id":6328,"href":"https:\/\/flowingbv.com\/br\/wp-json\/wp\/v2\/product\/2751\/revisions\/6328"}],"wp:featuredmedia":[{"embeddable":true,"href":"https:\/\/flowingbv.com\/br\/wp-json\/wp\/v2\/media\/5521"}],"wp:attachment":[{"href":"https:\/\/flowingbv.com\/br\/wp-json\/wp\/v2\/media?parent=2751"}],"wp:term":[{"taxonomy":"product_brand","embeddable":true,"href":"https:\/\/flowingbv.com\/br\/wp-json\/wp\/v2\/product_brand?post=2751"},{"taxonomy":"product_cat","embeddable":true,"href":"https:\/\/flowingbv.com\/br\/wp-json\/wp\/v2\/product_cat?post=2751"},{"taxonomy":"product_tag","embeddable":true,"href":"https:\/\/flowingbv.com\/br\/wp-json\/wp\/v2\/product_tag?post=2751"}],"curies":[{"name":"wp","href":"https:\/\/api.w.org\/{rel}","templated":true}]}}