{"id":2793,"date":"2020-06-30T20:26:22","date_gmt":"2020-06-30T20:26:22","guid":{"rendered":"https:\/\/flowingbv.com\/br\/?post_type=product&#038;p=2793"},"modified":"2024-07-15T10:02:26","modified_gmt":"2024-07-15T13:02:26","slug":"fonetica","status":"publish","type":"product","link":"https:\/\/flowingbv.com\/br\/produto\/fonetica\/","title":{"rendered":"Fon\u00e9tica"},"content":{"rendered":"\t\t<div data-elementor-type=\"product-post\" data-elementor-id=\"2793\" class=\"elementor elementor-2793\" data-elementor-post-type=\"product\">\n\t\t\t\t\t\t<section class=\"elementor-section elementor-top-section elementor-element elementor-element-17f1923d elementor-section-height-min-height elementor-section-boxed elementor-section-height-default elementor-section-items-middle\" data-id=\"17f1923d\" data-element_type=\"section\" data-e-type=\"section\" data-settings=\"{&quot;background_background&quot;:&quot;classic&quot;}\">\n\t\t\t\t\t\t\t<div class=\"elementor-background-overlay\"><\/div>\n\t\t\t\t\t\t\t<div class=\"elementor-container elementor-column-gap-default\">\n\t\t\t\t\t<div class=\"elementor-column elementor-col-100 elementor-top-column elementor-element elementor-element-6ee68dc\" data-id=\"6ee68dc\" data-element_type=\"column\" data-e-type=\"column\">\n\t\t\t<div class=\"elementor-widget-wrap elementor-element-populated\">\n\t\t\t\t\t\t<div class=\"elementor-element elementor-element-28961a8f elementor-widget elementor-widget-heading\" data-id=\"28961a8f\" data-element_type=\"widget\" data-e-type=\"widget\" data-widget_type=\"heading.default\">\n\t\t\t\t<div class=\"elementor-widget-container\">\n\t\t\t\t\t<h1 class=\"elementor-heading-title elementor-size-default\">Fon\u00e9tica\n<br><br><\/h1>\t\t\t\t<\/div>\n\t\t\t\t<\/div>\n\t\t\t\t\t<\/div>\n\t\t<\/div>\n\t\t\t\t\t<\/div>\n\t\t<\/section>\n\t\t\t\t<section class=\"elementor-section elementor-top-section elementor-element elementor-element-65bf100d elementor-reverse-mobile elementor-section-boxed elementor-section-height-default elementor-section-height-default\" data-id=\"65bf100d\" data-element_type=\"section\" data-e-type=\"section\">\n\t\t\t\t\t\t<div class=\"elementor-container elementor-column-gap-default\">\n\t\t\t\t\t<div class=\"elementor-column elementor-col-50 elementor-top-column elementor-element elementor-element-12c0e3f7\" data-id=\"12c0e3f7\" data-element_type=\"column\" data-e-type=\"column\">\n\t\t\t<div class=\"elementor-widget-wrap elementor-element-populated\">\n\t\t\t\t\t\t<div class=\"elementor-element elementor-element-32099ccd elementor-widget elementor-widget-text-editor\" data-id=\"32099ccd\" data-element_type=\"widget\" data-e-type=\"widget\" data-widget_type=\"text-editor.default\">\n\t\t\t\t<div class=\"elementor-widget-container\">\n\t\t\t\t\t\t\t\t\t<p>Fon\u00e9tica \u00e9 o estudo do som e este curso vai ajudar a melhorar sua pron\u00fancia.<\/p><p>O curso abrange todos os principais aspectos da fon\u00e9tica inglesa, incluindo o sistema fon\u00e9tico (vogais, consoantes e ditongos), a \u00eanfase verbal, \u00eanfase frasal (sotaque e tom), bem como entona\u00e7\u00e3o e significado.<\/p>\t\t\t\t\t\t\t\t<\/div>\n\t\t\t\t<\/div>\n\t\t\t\t\t<\/div>\n\t\t<\/div>\n\t\t\t\t<div class=\"elementor-column elementor-col-50 elementor-top-column elementor-element elementor-element-4167a428\" data-id=\"4167a428\" data-element_type=\"column\" data-e-type=\"column\">\n\t\t\t<div class=\"elementor-widget-wrap elementor-element-populated\">\n\t\t\t\t\t\t<div class=\"elementor-element elementor-element-54165e4e elementor-widget elementor-widget-image\" data-id=\"54165e4e\" data-element_type=\"widget\" data-e-type=\"widget\" data-widget_type=\"image.default\">\n\t\t\t\t<div class=\"elementor-widget-container\">\n\t\t\t\t\t\t\t\t\t\t\t\t\t\t\t<img decoding=\"async\" src=\"https:\/\/flowingbv.com\/br\/wp-content\/uploads\/2020\/06\/Phonetics-2.jpg\" title=\"\" alt=\"\" loading=\"lazy\" \/>\t\t\t\t\t\t\t\t\t\t\t\t\t\t\t<\/div>\n\t\t\t\t<\/div>\n\t\t\t\t\t<\/div>\n\t\t<\/div>\n\t\t\t\t\t<\/div>\n\t\t<\/section>\n\t\t\t\t<section class=\"elementor-section elementor-top-section elementor-element elementor-element-4039d5ec elementor-section-boxed elementor-section-height-default elementor-section-height-default\" data-id=\"4039d5ec\" data-element_type=\"section\" data-e-type=\"section\">\n\t\t\t\t\t\t<div class=\"elementor-container elementor-column-gap-no\">\n\t\t\t\t\t<div class=\"elementor-column elementor-col-100 elementor-top-column elementor-element elementor-element-2a2e295b\" data-id=\"2a2e295b\" data-element_type=\"column\" data-e-type=\"column\">\n\t\t\t<div class=\"elementor-widget-wrap elementor-element-populated\">\n\t\t\t\t\t\t<section class=\"elementor-section elementor-inner-section elementor-element elementor-element-20545a15 elementor-section-boxed elementor-section-height-default elementor-section-height-default\" data-id=\"20545a15\" data-element_type=\"section\" data-e-type=\"section\">\n\t\t\t\t\t\t<div class=\"elementor-container elementor-column-gap-default\">\n\t\t\t\t\t<div class=\"elementor-column elementor-col-50 elementor-inner-column elementor-element elementor-element-18fd5203 animated-slow elementor-invisible\" data-id=\"18fd5203\" data-element_type=\"column\" data-e-type=\"column\" data-settings=\"{&quot;animation&quot;:&quot;zoomIn&quot;,&quot;animation_delay&quot;:20,&quot;background_background&quot;:&quot;classic&quot;}\">\n\t\t\t<div class=\"elementor-widget-wrap elementor-element-populated\">\n\t\t\t\t\t\t<div class=\"elementor-element elementor-element-26e9d795 elementor-widget elementor-widget-heading\" data-id=\"26e9d795\" data-element_type=\"widget\" data-e-type=\"widget\" data-widget_type=\"heading.default\">\n\t\t\t\t<div class=\"elementor-widget-container\">\n\t\t\t\t\t<h2 class=\"elementor-heading-title elementor-size-default\">Este curso vai te ajudar a:\n<\/h2>\t\t\t\t<\/div>\n\t\t\t\t<\/div>\n\t\t\t\t<div class=\"elementor-element elementor-element-7d31837c elementor-widget elementor-widget-text-editor\" data-id=\"7d31837c\" data-element_type=\"widget\" data-e-type=\"widget\" data-widget_type=\"text-editor.default\">\n\t\t\t\t<div class=\"elementor-widget-container\">\n\t\t\t\t\t\t\t\t\t<ul><li>Criar um maior impacto com o uso da l\u00edngua inglesa.<\/li><li>Tornar-se um ouvinte melhor.<\/li><li>Falar com mais flu\u00eancia.<\/li><li>Adquirir mais confian\u00e7a.<\/li><\/ul>\t\t\t\t\t\t\t\t<\/div>\n\t\t\t\t<\/div>\n\t\t\t\t\t<\/div>\n\t\t<\/div>\n\t\t\t\t<div class=\"elementor-column elementor-col-50 elementor-inner-column elementor-element elementor-element-52a0d002 animated-slow elementor-invisible\" data-id=\"52a0d002\" data-element_type=\"column\" data-e-type=\"column\" data-settings=\"{&quot;animation&quot;:&quot;zoomIn&quot;,&quot;animation_delay&quot;:50,&quot;background_background&quot;:&quot;classic&quot;}\">\n\t\t\t<div class=\"elementor-widget-wrap elementor-element-populated\">\n\t\t\t\t\t\t<div class=\"elementor-element elementor-element-7382f6ad elementor-widget elementor-widget-heading\" data-id=\"7382f6ad\" data-element_type=\"widget\" data-e-type=\"widget\" data-widget_type=\"heading.default\">\n\t\t\t\t<div class=\"elementor-widget-container\">\n\t\t\t\t\t<h2 class=\"elementor-heading-title elementor-size-default\">As vantagens de estudar em grupo s\u00e3o:\n<\/h2>\t\t\t\t<\/div>\n\t\t\t\t<\/div>\n\t\t\t\t<div class=\"elementor-element elementor-element-52d72db9 elementor-widget elementor-widget-text-editor\" data-id=\"52d72db9\" data-element_type=\"widget\" data-e-type=\"widget\" data-widget_type=\"text-editor.default\">\n\t\t\t\t<div class=\"elementor-widget-container\">\n\t\t\t\t\t\t\t\t\t<ul class=\"ul1\"><li class=\"li1\">Mais atividades.<\/li><li class=\"li1\"><span class=\"s2\">Aprender sobre diferentes culturas.<\/span><\/li><li class=\"li1\"><span class=\"s2\">Trabalhos em pares.<\/span><\/li><li class=\"li1\"><span class=\"s2\">Novos amigos\/contatos em todo o mundo.<\/span><\/li><li class=\"li1\"><span class=\"s2\">Pequenos grupos de at\u00e9 10 alunos.<\/span><\/li><li class=\"li1\"><span class=\"s2\">Discuss\u00f5es em grupo e dramatiza\u00e7\u00f5es.<\/span><\/li><\/ul>\t\t\t\t\t\t\t\t<\/div>\n\t\t\t\t<\/div>\n\t\t\t\t\t<\/div>\n\t\t<\/div>\n\t\t\t\t\t<\/div>\n\t\t<\/section>\n\t\t\t\t\t<\/div>\n\t\t<\/div>\n\t\t\t\t\t<\/div>\n\t\t<\/section>\n\t\t\t\t<section class=\"elementor-section elementor-top-section elementor-element elementor-element-1fe82dbc elementor-section-boxed elementor-section-height-default elementor-section-height-default\" data-id=\"1fe82dbc\" data-element_type=\"section\" data-e-type=\"section\" data-settings=\"{&quot;background_background&quot;:&quot;classic&quot;}\">\n\t\t\t\t\t\t<div class=\"elementor-container elementor-column-gap-default\">\n\t\t\t\t\t<div class=\"elementor-column elementor-col-100 elementor-top-column elementor-element elementor-element-1b16fcba\" data-id=\"1b16fcba\" data-element_type=\"column\" data-e-type=\"column\">\n\t\t\t<div class=\"elementor-widget-wrap elementor-element-populated\">\n\t\t\t\t\t\t<div class=\"elementor-element elementor-element-389f3f48 elementor-widget elementor-widget-heading\" data-id=\"389f3f48\" data-element_type=\"widget\" data-e-type=\"widget\" data-widget_type=\"heading.default\">\n\t\t\t\t<div class=\"elementor-widget-container\">\n\t\t\t\t\t<h2 class=\"elementor-heading-title elementor-size-default\">Compre j\u00e1 o seu curso<\/h2>\t\t\t\t<\/div>\n\t\t\t\t<\/div>\n\t\t\t\t<div class=\"elementor-element elementor-element-4b21361e elementor-widget elementor-widget-text-editor\" data-id=\"4b21361e\" data-element_type=\"widget\" data-e-type=\"widget\" data-widget_type=\"text-editor.default\">\n\t\t\t\t<div class=\"elementor-widget-container\">\n\t\t\t\t\t\t\t\t\t<p class=\"p1\"><span class=\"s1\">\u00a0Receba um login personalizado = fa\u00e7a seu teste de nivelamento = marque as suas aulas e inicie seus estudos!<\/span><\/p>\t\t\t\t\t\t\t\t<\/div>\n\t\t\t\t<\/div>\n\t\t\t\t\t<\/div>\n\t\t<\/div>\n\t\t\t\t\t<\/div>\n\t\t<\/section>\n\t\t\t\t<section class=\"elementor-section elementor-top-section elementor-element elementor-element-14d18af3 elementor-section-boxed elementor-section-height-default elementor-section-height-default\" data-id=\"14d18af3\" data-element_type=\"section\" data-e-type=\"section\">\n\t\t\t\t\t\t<div class=\"elementor-container elementor-column-gap-extended\">\n\t\t\t\t\t<div class=\"elementor-column elementor-col-100 elementor-top-column elementor-element elementor-element-3961b7e6\" data-id=\"3961b7e6\" data-element_type=\"column\" data-e-type=\"column\">\n\t\t\t<div class=\"elementor-widget-wrap elementor-element-populated\">\n\t\t\t\t\t\t<div class=\"elementor-element elementor-element-63e61924 elementor-widget elementor-widget-heading\" data-id=\"63e61924\" data-element_type=\"widget\" data-e-type=\"widget\" data-widget_type=\"heading.default\">\n\t\t\t\t<div class=\"elementor-widget-container\">\n\t\t\t\t\t<h2 class=\"elementor-heading-title elementor-size-default\">Fon\u00e9tica<\/h2>\t\t\t\t<\/div>\n\t\t\t\t<\/div>\n\t\t\t\t<div class=\"elementor-element elementor-element-60786adb elementor-widget elementor-widget-text-editor\" data-id=\"60786adb\" data-element_type=\"widget\" data-e-type=\"widget\" data-widget_type=\"text-editor.default\">\n\t\t\t\t<div class=\"elementor-widget-container\">\n\t\t\t\t\t\t\t\t\t<ul class=\"ul1\">\n<li>Frequ\u00eancia 1 x\/semana<\/li>\n<li>Dura\u00e7\u00e3o do curso: 12 semanas<\/li>\n<li>Dura\u00e7\u00e3o da aula: 60 minutos<\/li>\n<li><span class=\"s1\">M\u00ednimo de ingl\u00eas exigido: intermedi\u00e1rio avan\u00e7ado.<\/span><\/li>\n<li>M\u00e1ximo de 8 alunos por turma<\/li>\n<li>Feedback e suporte de um professor personalizado<\/li>\n<li><span class=\"s1\">Plano de estudos pessoal<\/span><\/li>\n<li>Login personalizado<\/li>\n<li>Professor nativo qualificado &#8211; TEFL<\/li>\n<\/ul>\t\t\t\t\t\t\t\t<\/div>\n\t\t\t\t<\/div>\n\t\t\t\t<div class=\"elementor-element elementor-element-1fc416f4 elementor-widget elementor-widget-heading\" data-id=\"1fc416f4\" data-element_type=\"widget\" data-e-type=\"widget\" data-widget_type=\"heading.default\">\n\t\t\t\t<div class=\"elementor-widget-container\">\n\t\t\t\t\t<h2 class=\"elementor-heading-title elementor-size-default\">R$480<\/h2>\t\t\t\t<\/div>\n\t\t\t\t<\/div>\n\t\t\t\t<div class=\"elementor-element elementor-element-60e70b82 elementor-add-to-cart--align-center e-add-to-cart--show-quantity-yes elementor-widget elementor-widget-woocommerce-product-add-to-cart\" data-id=\"60e70b82\" data-element_type=\"widget\" data-e-type=\"widget\" data-widget_type=\"woocommerce-product-add-to-cart.default\">\n\t\t\t\t<div class=\"elementor-widget-container\">\n\t\t\t\t\t\n\t\t<div class=\"elementor-add-to-cart elementor-product-simple\">\n\t\t\t\n\t\n\t<form class=\"cart\" action=\"https:\/\/flowingbv.com\/br\/produto\/fonetica\/\" method=\"post\" enctype='multipart\/form-data'>\n\t\t\n\t\t<div class=\"quantity\">\n\t\t<label class=\"screen-reader-text\" for=\"quantity_69edbcb887f90\">Fon\u00e9tica quantidade<\/label>\n\t<input\n\t\ttype=\"number\"\n\t\t\t\tid=\"quantity_69edbcb887f90\"\n\t\tclass=\"input-text qty text\"\n\t\tname=\"quantity\"\n\t\tvalue=\"1\"\n\t\taria-label=\"Quantidade de produto\"\n\t\t\t\tmin=\"1\"\n\t\t\t\t\t\t\tstep=\"1\"\n\t\t\tplaceholder=\"\"\n\t\t\tinputmode=\"numeric\"\n\t\t\tautocomplete=\"off\"\n\t\t\t\/>\n\t<\/div>\n\n\t\t<button type=\"submit\" name=\"add-to-cart\" value=\"2793\" class=\"single_add_to_cart_button button alt\">Adicionar ao carrinho<\/button>\n\n\t\t\t<\/form>\n\n\t\n\t\t<\/div>\n\n\t\t\t\t\t\t<\/div>\n\t\t\t\t<\/div>\n\t\t\t\t<div class=\"elementor-element elementor-element-e9bd21b elementor-align-center elementor-hidden-desktop elementor-hidden-tablet elementor-hidden-phone elementor-widget elementor-widget-button\" data-id=\"e9bd21b\" data-element_type=\"widget\" data-e-type=\"widget\" data-widget_type=\"button.default\">\n\t\t\t\t<div class=\"elementor-widget-container\">\n\t\t\t\t\t\t\t\t\t<div class=\"elementor-button-wrapper\">\n\t\t\t\t\t<a class=\"elementor-button elementor-button-link elementor-size-sm\" href=\"#elementor-action%3Aaction%3Dpopup%3Aopen%26settings%3DeyJpZCI6IjI4OTUiLCJ0b2dnbGUiOmZhbHNlfQ%3D%3D\">\n\t\t\t\t\t\t<span class=\"elementor-button-content-wrapper\">\n\t\t\t\t\t\t\t\t\t<span class=\"elementor-button-text\">Lista de Espera<\/span>\n\t\t\t\t\t<\/span>\n\t\t\t\t\t<\/a>\n\t\t\t\t<\/div>\n\t\t\t\t\t\t\t\t<\/div>\n\t\t\t\t<\/div>\n\t\t\t\t\t<\/div>\n\t\t<\/div>\n\t\t\t\t\t<\/div>\n\t\t<\/section>\n\t\t\t\t<\/div>\n\t\t","protected":false},"excerpt":{"rendered":"<p>Fon\u00e9tica Fon\u00e9tica \u00e9 o estudo do som e este curso vai ajudar a melhorar sua pron\u00fancia. O curso abrange todos os principais aspectos da fon\u00e9tica inglesa, incluindo o sistema fon\u00e9tico (vogais, consoantes e ditongos), a \u00eanfase verbal, \u00eanfase frasal (sotaque e tom), bem como entona\u00e7\u00e3o e significado. Este curso vai te ajudar a: Criar um [&hellip;]<\/p>\n","protected":false},"featured_media":5525,"template":"elementor_header_footer","meta":[],"product_brand":[],"product_cat":[15],"product_tag":[37,38],"class_list":{"0":"post-2793","1":"product","2":"type-product","3":"status-publish","4":"has-post-thumbnail","6":"product_cat-cursos","7":"product_tag-hidden","8":"product_tag-hide","10":"first","11":"instock","12":"shipping-taxable","13":"purchasable","14":"product-type-simple"},"yoast_head":"<!-- This site is optimized with the Yoast SEO plugin v27.4 - https:\/\/yoast.com\/product\/yoast-seo-wordpress\/ -->\n<title>Fon\u00e9tica - Flowing<\/title>\n<meta name=\"robots\" content=\"index, follow, max-snippet:-1, max-image-preview:large, max-video-preview:-1\" \/>\n<link rel=\"canonical\" href=\"https:\/\/flowingbv.com\/br\/produto\/fonetica\/\" \/>\n<meta property=\"og:locale\" content=\"pt_BR\" \/>\n<meta property=\"og:type\" content=\"article\" \/>\n<meta property=\"og:title\" content=\"Fon\u00e9tica - Flowing\" \/>\n<meta property=\"og:description\" content=\"Fon\u00e9tica Fon\u00e9tica \u00e9 o estudo do som e este curso vai ajudar a melhorar sua pron\u00fancia. O curso abrange todos os principais aspectos da fon\u00e9tica inglesa, incluindo o sistema fon\u00e9tico (vogais, consoantes e ditongos), a \u00eanfase verbal, \u00eanfase frasal (sotaque e tom), bem como entona\u00e7\u00e3o e significado. Este curso vai te ajudar a: Criar um [&hellip;]\" \/>\n<meta property=\"og:url\" content=\"https:\/\/flowingbv.com\/br\/produto\/fonetica\/\" \/>\n<meta property=\"og:site_name\" content=\"Flowing\" \/>\n<meta property=\"article:modified_time\" content=\"2024-07-15T13:02:26+00:00\" \/>\n<meta property=\"og:image\" content=\"https:\/\/flowingbv.com\/br\/wp-content\/uploads\/2020\/06\/Phonetics-2.jpg\" \/>\n\t<meta property=\"og:image:width\" content=\"640\" \/>\n\t<meta property=\"og:image:height\" content=\"958\" \/>\n\t<meta property=\"og:image:type\" content=\"image\/jpeg\" \/>\n<meta name=\"twitter:card\" content=\"summary_large_image\" \/>\n<meta name=\"twitter:label1\" content=\"Est. tempo de leitura\" \/>\n\t<meta name=\"twitter:data1\" content=\"2 minutos\" \/>\n<script type=\"application\/ld+json\" class=\"yoast-schema-graph\">{\"@context\":\"https:\\\/\\\/schema.org\",\"@graph\":[{\"@type\":\"WebPage\",\"@id\":\"https:\\\/\\\/flowingbv.com\\\/br\\\/produto\\\/fonetica\\\/\",\"url\":\"https:\\\/\\\/flowingbv.com\\\/br\\\/produto\\\/fonetica\\\/\",\"name\":\"Fon\u00e9tica - Flowing\",\"isPartOf\":{\"@id\":\"https:\\\/\\\/flowingbv.com\\\/br\\\/#website\"},\"primaryImageOfPage\":{\"@id\":\"https:\\\/\\\/flowingbv.com\\\/br\\\/produto\\\/fonetica\\\/#primaryimage\"},\"image\":{\"@id\":\"https:\\\/\\\/flowingbv.com\\\/br\\\/produto\\\/fonetica\\\/#primaryimage\"},\"thumbnailUrl\":\"https:\\\/\\\/flowingbv.com\\\/br\\\/wp-content\\\/uploads\\\/2020\\\/06\\\/Phonetics-2.jpg\",\"datePublished\":\"2020-06-30T20:26:22+00:00\",\"dateModified\":\"2024-07-15T13:02:26+00:00\",\"breadcrumb\":{\"@id\":\"https:\\\/\\\/flowingbv.com\\\/br\\\/produto\\\/fonetica\\\/#breadcrumb\"},\"inLanguage\":\"pt-BR\",\"potentialAction\":[{\"@type\":\"ReadAction\",\"target\":[\"https:\\\/\\\/flowingbv.com\\\/br\\\/produto\\\/fonetica\\\/\"]}]},{\"@type\":\"ImageObject\",\"inLanguage\":\"pt-BR\",\"@id\":\"https:\\\/\\\/flowingbv.com\\\/br\\\/produto\\\/fonetica\\\/#primaryimage\",\"url\":\"https:\\\/\\\/flowingbv.com\\\/br\\\/wp-content\\\/uploads\\\/2020\\\/06\\\/Phonetics-2.jpg\",\"contentUrl\":\"https:\\\/\\\/flowingbv.com\\\/br\\\/wp-content\\\/uploads\\\/2020\\\/06\\\/Phonetics-2.jpg\",\"width\":640,\"height\":958},{\"@type\":\"BreadcrumbList\",\"@id\":\"https:\\\/\\\/flowingbv.com\\\/br\\\/produto\\\/fonetica\\\/#breadcrumb\",\"itemListElement\":[{\"@type\":\"ListItem\",\"position\":1,\"name\":\"In\u00edcio\",\"item\":\"https:\\\/\\\/flowingbv.com\\\/br\\\/\"},{\"@type\":\"ListItem\",\"position\":2,\"name\":\"Loja\",\"item\":\"https:\\\/\\\/flowingbv.com\\\/br\\\/loja\\\/\"},{\"@type\":\"ListItem\",\"position\":3,\"name\":\"Fon\u00e9tica\"}]},{\"@type\":\"WebSite\",\"@id\":\"https:\\\/\\\/flowingbv.com\\\/br\\\/#website\",\"url\":\"https:\\\/\\\/flowingbv.com\\\/br\\\/\",\"name\":\"Flowing\",\"description\":\"Learn Anytime Anywere\",\"publisher\":{\"@id\":\"https:\\\/\\\/flowingbv.com\\\/br\\\/#organization\"},\"potentialAction\":[{\"@type\":\"SearchAction\",\"target\":{\"@type\":\"EntryPoint\",\"urlTemplate\":\"https:\\\/\\\/flowingbv.com\\\/br\\\/?s={search_term_string}\"},\"query-input\":{\"@type\":\"PropertyValueSpecification\",\"valueRequired\":true,\"valueName\":\"search_term_string\"}}],\"inLanguage\":\"pt-BR\"},{\"@type\":\"Organization\",\"@id\":\"https:\\\/\\\/flowingbv.com\\\/br\\\/#organization\",\"name\":\"Flow.ing\",\"url\":\"https:\\\/\\\/flowingbv.com\\\/br\\\/\",\"logo\":{\"@type\":\"ImageObject\",\"inLanguage\":\"pt-BR\",\"@id\":\"https:\\\/\\\/flowingbv.com\\\/br\\\/#\\\/schema\\\/logo\\\/image\\\/\",\"url\":\"https:\\\/\\\/flowingbv.com\\\/br\\\/wp-content\\\/uploads\\\/2020\\\/07\\\/flowing.png\",\"contentUrl\":\"https:\\\/\\\/flowingbv.com\\\/br\\\/wp-content\\\/uploads\\\/2020\\\/07\\\/flowing.png\",\"width\":800,\"height\":763,\"caption\":\"Flow.ing\"},\"image\":{\"@id\":\"https:\\\/\\\/flowingbv.com\\\/br\\\/#\\\/schema\\\/logo\\\/image\\\/\"}}]}<\/script>\n<!-- \/ Yoast SEO plugin. -->","yoast_head_json":{"title":"Fon\u00e9tica - Flowing","robots":{"index":"index","follow":"follow","max-snippet":"max-snippet:-1","max-image-preview":"max-image-preview:large","max-video-preview":"max-video-preview:-1"},"canonical":"https:\/\/flowingbv.com\/br\/produto\/fonetica\/","og_locale":"pt_BR","og_type":"article","og_title":"Fon\u00e9tica - Flowing","og_description":"Fon\u00e9tica Fon\u00e9tica \u00e9 o estudo do som e este curso vai ajudar a melhorar sua pron\u00fancia. O curso abrange todos os principais aspectos da fon\u00e9tica inglesa, incluindo o sistema fon\u00e9tico (vogais, consoantes e ditongos), a \u00eanfase verbal, \u00eanfase frasal (sotaque e tom), bem como entona\u00e7\u00e3o e significado. Este curso vai te ajudar a: Criar um [&hellip;]","og_url":"https:\/\/flowingbv.com\/br\/produto\/fonetica\/","og_site_name":"Flowing","article_modified_time":"2024-07-15T13:02:26+00:00","og_image":[{"width":640,"height":958,"url":"https:\/\/flowingbv.com\/br\/wp-content\/uploads\/2020\/06\/Phonetics-2.jpg","type":"image\/jpeg"}],"twitter_card":"summary_large_image","twitter_misc":{"Est. tempo de leitura":"2 minutos"},"schema":{"@context":"https:\/\/schema.org","@graph":[{"@type":"WebPage","@id":"https:\/\/flowingbv.com\/br\/produto\/fonetica\/","url":"https:\/\/flowingbv.com\/br\/produto\/fonetica\/","name":"Fon\u00e9tica - Flowing","isPartOf":{"@id":"https:\/\/flowingbv.com\/br\/#website"},"primaryImageOfPage":{"@id":"https:\/\/flowingbv.com\/br\/produto\/fonetica\/#primaryimage"},"image":{"@id":"https:\/\/flowingbv.com\/br\/produto\/fonetica\/#primaryimage"},"thumbnailUrl":"https:\/\/flowingbv.com\/br\/wp-content\/uploads\/2020\/06\/Phonetics-2.jpg","datePublished":"2020-06-30T20:26:22+00:00","dateModified":"2024-07-15T13:02:26+00:00","breadcrumb":{"@id":"https:\/\/flowingbv.com\/br\/produto\/fonetica\/#breadcrumb"},"inLanguage":"pt-BR","potentialAction":[{"@type":"ReadAction","target":["https:\/\/flowingbv.com\/br\/produto\/fonetica\/"]}]},{"@type":"ImageObject","inLanguage":"pt-BR","@id":"https:\/\/flowingbv.com\/br\/produto\/fonetica\/#primaryimage","url":"https:\/\/flowingbv.com\/br\/wp-content\/uploads\/2020\/06\/Phonetics-2.jpg","contentUrl":"https:\/\/flowingbv.com\/br\/wp-content\/uploads\/2020\/06\/Phonetics-2.jpg","width":640,"height":958},{"@type":"BreadcrumbList","@id":"https:\/\/flowingbv.com\/br\/produto\/fonetica\/#breadcrumb","itemListElement":[{"@type":"ListItem","position":1,"name":"In\u00edcio","item":"https:\/\/flowingbv.com\/br\/"},{"@type":"ListItem","position":2,"name":"Loja","item":"https:\/\/flowingbv.com\/br\/loja\/"},{"@type":"ListItem","position":3,"name":"Fon\u00e9tica"}]},{"@type":"WebSite","@id":"https:\/\/flowingbv.com\/br\/#website","url":"https:\/\/flowingbv.com\/br\/","name":"Flowing","description":"Learn Anytime Anywere","publisher":{"@id":"https:\/\/flowingbv.com\/br\/#organization"},"potentialAction":[{"@type":"SearchAction","target":{"@type":"EntryPoint","urlTemplate":"https:\/\/flowingbv.com\/br\/?s={search_term_string}"},"query-input":{"@type":"PropertyValueSpecification","valueRequired":true,"valueName":"search_term_string"}}],"inLanguage":"pt-BR"},{"@type":"Organization","@id":"https:\/\/flowingbv.com\/br\/#organization","name":"Flow.ing","url":"https:\/\/flowingbv.com\/br\/","logo":{"@type":"ImageObject","inLanguage":"pt-BR","@id":"https:\/\/flowingbv.com\/br\/#\/schema\/logo\/image\/","url":"https:\/\/flowingbv.com\/br\/wp-content\/uploads\/2020\/07\/flowing.png","contentUrl":"https:\/\/flowingbv.com\/br\/wp-content\/uploads\/2020\/07\/flowing.png","width":800,"height":763,"caption":"Flow.ing"},"image":{"@id":"https:\/\/flowingbv.com\/br\/#\/schema\/logo\/image\/"}}]}},"_links":{"self":[{"href":"https:\/\/flowingbv.com\/br\/wp-json\/wp\/v2\/product\/2793","targetHints":{"allow":["GET"]}}],"collection":[{"href":"https:\/\/flowingbv.com\/br\/wp-json\/wp\/v2\/product"}],"about":[{"href":"https:\/\/flowingbv.com\/br\/wp-json\/wp\/v2\/types\/product"}],"version-history":[{"count":8,"href":"https:\/\/flowingbv.com\/br\/wp-json\/wp\/v2\/product\/2793\/revisions"}],"predecessor-version":[{"id":6130,"href":"https:\/\/flowingbv.com\/br\/wp-json\/wp\/v2\/product\/2793\/revisions\/6130"}],"wp:featuredmedia":[{"embeddable":true,"href":"https:\/\/flowingbv.com\/br\/wp-json\/wp\/v2\/media\/5525"}],"wp:attachment":[{"href":"https:\/\/flowingbv.com\/br\/wp-json\/wp\/v2\/media?parent=2793"}],"wp:term":[{"taxonomy":"product_brand","embeddable":true,"href":"https:\/\/flowingbv.com\/br\/wp-json\/wp\/v2\/product_brand?post=2793"},{"taxonomy":"product_cat","embeddable":true,"href":"https:\/\/flowingbv.com\/br\/wp-json\/wp\/v2\/product_cat?post=2793"},{"taxonomy":"product_tag","embeddable":true,"href":"https:\/\/flowingbv.com\/br\/wp-json\/wp\/v2\/product_tag?post=2793"}],"curies":[{"name":"wp","href":"https:\/\/api.w.org\/{rel}","templated":true}]}}