{"id":5540,"date":"2023-12-05T09:17:42","date_gmt":"2023-12-05T12:17:42","guid":{"rendered":"https:\/\/flowingbv.com\/br\/?post_type=product&#038;p=5540"},"modified":"2024-11-22T08:52:37","modified_gmt":"2024-11-22T11:52:37","slug":"ingles-intensivo-para-viagem","status":"publish","type":"product","link":"https:\/\/flowingbv.com\/br\/produto\/ingles-intensivo-para-viagem\/","title":{"rendered":"Ingles intensivo para viagem"},"content":{"rendered":"\t\t<div data-elementor-type=\"product-post\" data-elementor-id=\"5540\" class=\"elementor elementor-5540\" data-elementor-post-type=\"product\">\n\t\t\t\t\t\t<section class=\"elementor-section elementor-top-section elementor-element elementor-element-17f1923d elementor-section-height-min-height elementor-section-boxed elementor-section-height-default elementor-section-items-middle\" data-id=\"17f1923d\" data-element_type=\"section\" data-e-type=\"section\" data-settings=\"{&quot;background_background&quot;:&quot;classic&quot;}\">\n\t\t\t\t\t\t\t<div class=\"elementor-background-overlay\"><\/div>\n\t\t\t\t\t\t\t<div class=\"elementor-container elementor-column-gap-default\">\n\t\t\t\t\t<div class=\"elementor-column elementor-col-100 elementor-top-column elementor-element elementor-element-6ee68dc\" data-id=\"6ee68dc\" data-element_type=\"column\" data-e-type=\"column\">\n\t\t\t<div class=\"elementor-widget-wrap elementor-element-populated\">\n\t\t\t\t\t\t<div class=\"elementor-element elementor-element-28961a8f elementor-widget elementor-widget-heading\" data-id=\"28961a8f\" data-element_type=\"widget\" data-e-type=\"widget\" data-widget_type=\"heading.default\">\n\t\t\t\t<div class=\"elementor-widget-container\">\n\t\t\t\t\t<h1 class=\"elementor-heading-title elementor-size-default\">Ingl\u00eas para viagem\n<br><br><\/h1>\t\t\t\t<\/div>\n\t\t\t\t<\/div>\n\t\t\t\t\t<\/div>\n\t\t<\/div>\n\t\t\t\t\t<\/div>\n\t\t<\/section>\n\t\t\t\t<section class=\"elementor-section elementor-top-section elementor-element elementor-element-65bf100d elementor-reverse-mobile elementor-section-boxed elementor-section-height-default elementor-section-height-default\" data-id=\"65bf100d\" data-element_type=\"section\" data-e-type=\"section\">\n\t\t\t\t\t\t<div class=\"elementor-container elementor-column-gap-default\">\n\t\t\t\t\t<div class=\"elementor-column elementor-col-50 elementor-top-column elementor-element elementor-element-12c0e3f7\" data-id=\"12c0e3f7\" data-element_type=\"column\" data-e-type=\"column\">\n\t\t\t<div class=\"elementor-widget-wrap elementor-element-populated\">\n\t\t\t\t\t\t<div class=\"elementor-element elementor-element-32099ccd elementor-widget elementor-widget-text-editor\" data-id=\"32099ccd\" data-element_type=\"widget\" data-e-type=\"widget\" data-widget_type=\"text-editor.default\">\n\t\t\t\t<div class=\"elementor-widget-container\">\n\t\t\t\t\t\t\t\t\t<p>Se voc\u00ea est\u00e1 planejando uma viagem e gostaria de se comunicar com facilidade, esse \u00e9 o curso para voc\u00ea! Ao concluir o curso voc\u00ea se sentir\u00e1 muito mais confiante para enfrentar quest\u00f5es da l\u00edngua em suas viagens. Seja na imigra\u00e7\u00e3o ou na alf\u00e2ndega, hospedando-se em hot\u00e9is ou simplesmente pedindo uma bebida ou comida, voc\u00ea poder\u00e1 aproveitar muito mais a sua viagem de f\u00e9rias ou de neg\u00f3cios.<\/p>\t\t\t\t\t\t\t\t<\/div>\n\t\t\t\t<\/div>\n\t\t\t\t\t<\/div>\n\t\t<\/div>\n\t\t\t\t<div class=\"elementor-column elementor-col-50 elementor-top-column elementor-element elementor-element-4167a428\" data-id=\"4167a428\" data-element_type=\"column\" data-e-type=\"column\">\n\t\t\t<div class=\"elementor-widget-wrap elementor-element-populated\">\n\t\t\t\t\t\t<div class=\"elementor-element elementor-element-54165e4e elementor-widget elementor-widget-image\" data-id=\"54165e4e\" data-element_type=\"widget\" data-e-type=\"widget\" data-widget_type=\"image.default\">\n\t\t\t\t<div class=\"elementor-widget-container\">\n\t\t\t\t\t\t\t\t\t\t\t\t\t\t\t<img decoding=\"async\" src=\"https:\/\/flowingbv.com\/br\/wp-content\/uploads\/2020\/05\/Travel-2.jpg\" title=\"\" alt=\"\" loading=\"lazy\" \/>\t\t\t\t\t\t\t\t\t\t\t\t\t\t\t<\/div>\n\t\t\t\t<\/div>\n\t\t\t\t\t<\/div>\n\t\t<\/div>\n\t\t\t\t\t<\/div>\n\t\t<\/section>\n\t\t\t\t<section class=\"elementor-section elementor-top-section elementor-element elementor-element-4039d5ec elementor-section-boxed elementor-section-height-default elementor-section-height-default\" data-id=\"4039d5ec\" data-element_type=\"section\" data-e-type=\"section\">\n\t\t\t\t\t\t<div class=\"elementor-container elementor-column-gap-no\">\n\t\t\t\t\t<div class=\"elementor-column elementor-col-100 elementor-top-column elementor-element elementor-element-2a2e295b\" data-id=\"2a2e295b\" data-element_type=\"column\" data-e-type=\"column\">\n\t\t\t<div class=\"elementor-widget-wrap elementor-element-populated\">\n\t\t\t\t\t\t<section class=\"elementor-section elementor-inner-section elementor-element elementor-element-20545a15 elementor-section-boxed elementor-section-height-default elementor-section-height-default\" data-id=\"20545a15\" data-element_type=\"section\" data-e-type=\"section\">\n\t\t\t\t\t\t<div class=\"elementor-container elementor-column-gap-default\">\n\t\t\t\t\t<div class=\"elementor-column elementor-col-50 elementor-inner-column elementor-element elementor-element-18fd5203 animated-slow elementor-invisible\" data-id=\"18fd5203\" data-element_type=\"column\" data-e-type=\"column\" data-settings=\"{&quot;animation&quot;:&quot;zoomIn&quot;,&quot;animation_delay&quot;:20,&quot;background_background&quot;:&quot;classic&quot;}\">\n\t\t\t<div class=\"elementor-widget-wrap elementor-element-populated\">\n\t\t\t\t\t\t<div class=\"elementor-element elementor-element-26e9d795 elementor-widget elementor-widget-heading\" data-id=\"26e9d795\" data-element_type=\"widget\" data-e-type=\"widget\" data-widget_type=\"heading.default\">\n\t\t\t\t<div class=\"elementor-widget-container\">\n\t\t\t\t\t<h2 class=\"elementor-heading-title elementor-size-default\">Este curso vai te ensinar:\n<\/h2>\t\t\t\t<\/div>\n\t\t\t\t<\/div>\n\t\t\t\t<div class=\"elementor-element elementor-element-7d31837c elementor-widget elementor-widget-text-editor\" data-id=\"7d31837c\" data-element_type=\"widget\" data-e-type=\"widget\" data-widget_type=\"text-editor.default\">\n\t\t\t\t<div class=\"elementor-widget-container\">\n\t\t\t\t\t\t\t\t\t<ul><li class=\"li1\">Entender e usar express\u00f5es familiares de viagem que voc\u00ea precisar\u00e1 usar em qualquer viagem; Inclui t\u00f3picos como:<\/li><li class=\"li1\"><span class=\"s2\">Ho<\/span><span class=\"s3\">t\u00e9is.<\/span><\/li><li class=\"li1\"><span class=\"s2\">Aeroportos.<\/span><\/li><li class=\"li1\"><span class=\"s2\">T<\/span><span class=\"s3\">ransporte.<\/span><\/li><li class=\"li1\"><span class=\"s2\">R<\/span><span class=\"s3\">estaurantes\/bares\/cafeterias<\/span><\/li><li class=\"li1\"><span class=\"s2\">E muito mais!<\/span><\/li><\/ul>\t\t\t\t\t\t\t\t<\/div>\n\t\t\t\t<\/div>\n\t\t\t\t\t<\/div>\n\t\t<\/div>\n\t\t\t\t<div class=\"elementor-column elementor-col-50 elementor-inner-column elementor-element elementor-element-52a0d002 animated-slow elementor-invisible\" data-id=\"52a0d002\" data-element_type=\"column\" data-e-type=\"column\" data-settings=\"{&quot;animation&quot;:&quot;zoomIn&quot;,&quot;animation_delay&quot;:50,&quot;background_background&quot;:&quot;classic&quot;}\">\n\t\t\t<div class=\"elementor-widget-wrap elementor-element-populated\">\n\t\t\t\t\t\t<div class=\"elementor-element elementor-element-7382f6ad elementor-widget elementor-widget-heading\" data-id=\"7382f6ad\" data-element_type=\"widget\" data-e-type=\"widget\" data-widget_type=\"heading.default\">\n\t\t\t\t<div class=\"elementor-widget-container\">\n\t\t\t\t\t<h2 class=\"elementor-heading-title elementor-size-default\">As vantagens de estudar em grupo s\u00e3o:\n<\/h2>\t\t\t\t<\/div>\n\t\t\t\t<\/div>\n\t\t\t\t<div class=\"elementor-element elementor-element-52d72db9 elementor-widget elementor-widget-text-editor\" data-id=\"52d72db9\" data-element_type=\"widget\" data-e-type=\"widget\" data-widget_type=\"text-editor.default\">\n\t\t\t\t<div class=\"elementor-widget-container\">\n\t\t\t\t\t\t\t\t\t<ul class=\"ul1\"><li class=\"li1\">Mais atividades.<\/li><li class=\"li1\"><span class=\"s2\">Aprender sobre diferentes culturas.<\/span><\/li><li class=\"li1\"><span class=\"s2\">Trabalhos em pares.<\/span><\/li><li class=\"li1\"><span class=\"s2\">Novos amigos\/contatos em todo o mundo.<\/span><\/li><li class=\"li1\"><span class=\"s2\">Pequenos grupos de at\u00e9 10 alunos.<\/span><\/li><li class=\"li1\"><span class=\"s2\">Discuss\u00f5es em grupo e dramatiza\u00e7\u00f5es.<\/span><\/li><\/ul>\t\t\t\t\t\t\t\t<\/div>\n\t\t\t\t<\/div>\n\t\t\t\t\t<\/div>\n\t\t<\/div>\n\t\t\t\t\t<\/div>\n\t\t<\/section>\n\t\t\t\t\t<\/div>\n\t\t<\/div>\n\t\t\t\t\t<\/div>\n\t\t<\/section>\n\t\t\t\t<section class=\"elementor-section elementor-top-section elementor-element elementor-element-1fe82dbc elementor-section-boxed elementor-section-height-default elementor-section-height-default\" data-id=\"1fe82dbc\" data-element_type=\"section\" data-e-type=\"section\" data-settings=\"{&quot;background_background&quot;:&quot;classic&quot;}\">\n\t\t\t\t\t\t<div class=\"elementor-container elementor-column-gap-default\">\n\t\t\t\t\t<div class=\"elementor-column elementor-col-100 elementor-top-column elementor-element elementor-element-1b16fcba\" data-id=\"1b16fcba\" data-element_type=\"column\" data-e-type=\"column\">\n\t\t\t<div class=\"elementor-widget-wrap elementor-element-populated\">\n\t\t\t\t\t\t<div class=\"elementor-element elementor-element-389f3f48 elementor-widget elementor-widget-heading\" data-id=\"389f3f48\" data-element_type=\"widget\" data-e-type=\"widget\" data-widget_type=\"heading.default\">\n\t\t\t\t<div class=\"elementor-widget-container\">\n\t\t\t\t\t<h2 class=\"elementor-heading-title elementor-size-default\">Compre j\u00e1 o seu curso<\/h2>\t\t\t\t<\/div>\n\t\t\t\t<\/div>\n\t\t\t\t<div class=\"elementor-element elementor-element-4b21361e elementor-widget elementor-widget-text-editor\" data-id=\"4b21361e\" data-element_type=\"widget\" data-e-type=\"widget\" data-widget_type=\"text-editor.default\">\n\t\t\t\t<div class=\"elementor-widget-container\">\n\t\t\t\t\t\t\t\t\t<p class=\"p1\"><span class=\"s1\">\u00a0Receba um login personalizado = fa\u00e7a seu teste de nivelamento = marque as suas aulas e inicie seus estudos!<\/span><\/p>\t\t\t\t\t\t\t\t<\/div>\n\t\t\t\t<\/div>\n\t\t\t\t\t<\/div>\n\t\t<\/div>\n\t\t\t\t\t<\/div>\n\t\t<\/section>\n\t\t\t\t<section class=\"elementor-section elementor-top-section elementor-element elementor-element-14d18af3 elementor-section-boxed elementor-section-height-default elementor-section-height-default\" data-id=\"14d18af3\" data-element_type=\"section\" data-e-type=\"section\">\n\t\t\t\t\t\t<div class=\"elementor-container elementor-column-gap-extended\">\n\t\t\t\t\t<div class=\"elementor-column elementor-col-100 elementor-top-column elementor-element elementor-element-3961b7e6\" data-id=\"3961b7e6\" data-element_type=\"column\" data-e-type=\"column\" data-settings=\"{&quot;background_background&quot;:&quot;classic&quot;}\">\n\t\t\t<div class=\"elementor-widget-wrap elementor-element-populated\">\n\t\t\t\t\t\t<div class=\"elementor-element elementor-element-63e61924 elementor-widget elementor-widget-heading\" data-id=\"63e61924\" data-element_type=\"widget\" data-e-type=\"widget\" data-widget_type=\"heading.default\">\n\t\t\t\t<div class=\"elementor-widget-container\">\n\t\t\t\t\t<h2 class=\"elementor-heading-title elementor-size-default\">Ingl\u00eas para viagem<\/h2>\t\t\t\t<\/div>\n\t\t\t\t<\/div>\n\t\t\t\t<div class=\"elementor-element elementor-element-60786adb elementor-widget elementor-widget-text-editor\" data-id=\"60786adb\" data-element_type=\"widget\" data-e-type=\"widget\" data-widget_type=\"text-editor.default\">\n\t\t\t\t<div class=\"elementor-widget-container\">\n\t\t\t\t\t\t\t\t\t<ul class=\"ul1\">\n<li>Frequ\u00eancia 2x\/semana<\/li>\n<li>Dura\u00e7\u00e3o do curso: 6 semanas<\/li>\n<li>Dura\u00e7\u00e3o da aula: 60 minutos<\/li>\n<li><span class=\"s1\">Para todos os n\u00edveis de ingl\u00eas<\/span><\/li>\n<li>M\u00e1ximo de 8 alunos por turma<\/li>\n<li>Feedback e suporte de um professor personalizado<\/li>\n<li><span class=\"s1\">Plano de estudos pessoal<\/span><\/li>\n<li>Login personalizado<\/li>\n<li>Professor nativo qualificado &#8211; TEFL<\/li>\n<\/ul>\t\t\t\t\t\t\t\t<\/div>\n\t\t\t\t<\/div>\n\t\t\t\t<div class=\"elementor-element elementor-element-1fc416f4 elementor-widget elementor-widget-heading\" data-id=\"1fc416f4\" data-element_type=\"widget\" data-e-type=\"widget\" data-widget_type=\"heading.default\">\n\t\t\t\t<div class=\"elementor-widget-container\">\n\t\t\t\t\t<h2 class=\"elementor-heading-title elementor-size-default\">R$480<\/h2>\t\t\t\t<\/div>\n\t\t\t\t<\/div>\n\t\t\t\t<div class=\"elementor-element elementor-element-60e70b82 elementor-add-to-cart--align-center e-add-to-cart--show-quantity-yes elementor-widget elementor-widget-woocommerce-product-add-to-cart\" data-id=\"60e70b82\" data-element_type=\"widget\" data-e-type=\"widget\" data-widget_type=\"woocommerce-product-add-to-cart.default\">\n\t\t\t\t<div class=\"elementor-widget-container\">\n\t\t\t\t\t\n\t\t<div class=\"elementor-add-to-cart elementor-product-simple\">\n\t\t\t\n\t\n\t<form class=\"cart\" action=\"https:\/\/flowingbv.com\/br\/produto\/ingles-intensivo-para-viagem\/\" method=\"post\" enctype='multipart\/form-data'>\n\t\t\n\t\t<div class=\"quantity\">\n\t\t<label class=\"screen-reader-text\" for=\"quantity_69ed89fc59242\">Ingles intensivo para viagem quantidade<\/label>\n\t<input\n\t\ttype=\"number\"\n\t\t\t\tid=\"quantity_69ed89fc59242\"\n\t\tclass=\"input-text qty text\"\n\t\tname=\"quantity\"\n\t\tvalue=\"1\"\n\t\taria-label=\"Quantidade de produto\"\n\t\t\t\tmin=\"1\"\n\t\t\t\t\t\t\tstep=\"1\"\n\t\t\tplaceholder=\"\"\n\t\t\tinputmode=\"numeric\"\n\t\t\tautocomplete=\"off\"\n\t\t\t\/>\n\t<\/div>\n\n\t\t<button type=\"submit\" name=\"add-to-cart\" value=\"5540\" class=\"single_add_to_cart_button button alt\">Adicionar ao carrinho<\/button>\n\n\t\t\t<\/form>\n\n\t\n\t\t<\/div>\n\n\t\t\t\t\t\t<\/div>\n\t\t\t\t<\/div>\n\t\t\t\t\t<\/div>\n\t\t<\/div>\n\t\t\t\t\t<\/div>\n\t\t<\/section>\n\t\t\t\t<\/div>\n\t\t","protected":false},"excerpt":{"rendered":"<p>Ingl\u00eas para viagem Se voc\u00ea est\u00e1 planejando uma viagem e gostaria de se comunicar com facilidade, esse \u00e9 o curso para voc\u00ea! Ao concluir o curso voc\u00ea se sentir\u00e1 muito mais confiante para enfrentar quest\u00f5es da l\u00edngua em suas viagens. Seja na imigra\u00e7\u00e3o ou na alf\u00e2ndega, hospedando-se em hot\u00e9is ou simplesmente pedindo uma bebida ou [&hellip;]<\/p>\n","protected":false},"featured_media":5517,"template":"elementor_header_footer","meta":[],"product_brand":[],"product_cat":[15],"product_tag":[37],"class_list":{"0":"post-5540","1":"product","2":"type-product","3":"status-publish","4":"has-post-thumbnail","6":"product_cat-cursos","7":"product_tag-hidden","9":"first","10":"instock","11":"shipping-taxable","12":"purchasable","13":"product-type-simple"},"yoast_head":"<!-- This site is optimized with the Yoast SEO plugin v27.4 - https:\/\/yoast.com\/product\/yoast-seo-wordpress\/ -->\n<title>Ingles intensivo para viagem - Flowing<\/title>\n<meta name=\"robots\" content=\"index, follow, max-snippet:-1, max-image-preview:large, max-video-preview:-1\" \/>\n<link rel=\"canonical\" href=\"https:\/\/flowingbv.com\/br\/produto\/ingles-intensivo-para-viagem\/\" \/>\n<meta property=\"og:locale\" content=\"pt_BR\" \/>\n<meta property=\"og:type\" content=\"article\" \/>\n<meta property=\"og:title\" content=\"Ingles intensivo para viagem - Flowing\" \/>\n<meta property=\"og:description\" content=\"Ingl\u00eas para viagem Se voc\u00ea est\u00e1 planejando uma viagem e gostaria de se comunicar com facilidade, esse \u00e9 o curso para voc\u00ea! Ao concluir o curso voc\u00ea se sentir\u00e1 muito mais confiante para enfrentar quest\u00f5es da l\u00edngua em suas viagens. Seja na imigra\u00e7\u00e3o ou na alf\u00e2ndega, hospedando-se em hot\u00e9is ou simplesmente pedindo uma bebida ou [&hellip;]\" \/>\n<meta property=\"og:url\" content=\"https:\/\/flowingbv.com\/br\/produto\/ingles-intensivo-para-viagem\/\" \/>\n<meta property=\"og:site_name\" content=\"Flowing\" \/>\n<meta property=\"article:modified_time\" content=\"2024-11-22T11:52:37+00:00\" \/>\n<meta property=\"og:image\" content=\"https:\/\/flowingbv.com\/br\/wp-content\/uploads\/2020\/05\/Travel-2.jpg\" \/>\n\t<meta property=\"og:image:width\" content=\"640\" \/>\n\t<meta property=\"og:image:height\" content=\"959\" \/>\n\t<meta property=\"og:image:type\" content=\"image\/jpeg\" \/>\n<meta name=\"twitter:card\" content=\"summary_large_image\" \/>\n<script type=\"application\/ld+json\" class=\"yoast-schema-graph\">{\"@context\":\"https:\\\/\\\/schema.org\",\"@graph\":[{\"@type\":\"WebPage\",\"@id\":\"https:\\\/\\\/flowingbv.com\\\/br\\\/produto\\\/ingles-intensivo-para-viagem\\\/\",\"url\":\"https:\\\/\\\/flowingbv.com\\\/br\\\/produto\\\/ingles-intensivo-para-viagem\\\/\",\"name\":\"Ingles intensivo para viagem - Flowing\",\"isPartOf\":{\"@id\":\"https:\\\/\\\/flowingbv.com\\\/br\\\/#website\"},\"primaryImageOfPage\":{\"@id\":\"https:\\\/\\\/flowingbv.com\\\/br\\\/produto\\\/ingles-intensivo-para-viagem\\\/#primaryimage\"},\"image\":{\"@id\":\"https:\\\/\\\/flowingbv.com\\\/br\\\/produto\\\/ingles-intensivo-para-viagem\\\/#primaryimage\"},\"thumbnailUrl\":\"https:\\\/\\\/flowingbv.com\\\/br\\\/wp-content\\\/uploads\\\/2020\\\/05\\\/Travel-2.jpg\",\"datePublished\":\"2023-12-05T12:17:42+00:00\",\"dateModified\":\"2024-11-22T11:52:37+00:00\",\"breadcrumb\":{\"@id\":\"https:\\\/\\\/flowingbv.com\\\/br\\\/produto\\\/ingles-intensivo-para-viagem\\\/#breadcrumb\"},\"inLanguage\":\"pt-BR\",\"potentialAction\":[{\"@type\":\"ReadAction\",\"target\":[\"https:\\\/\\\/flowingbv.com\\\/br\\\/produto\\\/ingles-intensivo-para-viagem\\\/\"]}]},{\"@type\":\"ImageObject\",\"inLanguage\":\"pt-BR\",\"@id\":\"https:\\\/\\\/flowingbv.com\\\/br\\\/produto\\\/ingles-intensivo-para-viagem\\\/#primaryimage\",\"url\":\"https:\\\/\\\/flowingbv.com\\\/br\\\/wp-content\\\/uploads\\\/2020\\\/05\\\/Travel-2.jpg\",\"contentUrl\":\"https:\\\/\\\/flowingbv.com\\\/br\\\/wp-content\\\/uploads\\\/2020\\\/05\\\/Travel-2.jpg\",\"width\":640,\"height\":959},{\"@type\":\"BreadcrumbList\",\"@id\":\"https:\\\/\\\/flowingbv.com\\\/br\\\/produto\\\/ingles-intensivo-para-viagem\\\/#breadcrumb\",\"itemListElement\":[{\"@type\":\"ListItem\",\"position\":1,\"name\":\"In\u00edcio\",\"item\":\"https:\\\/\\\/flowingbv.com\\\/br\\\/\"},{\"@type\":\"ListItem\",\"position\":2,\"name\":\"Loja\",\"item\":\"https:\\\/\\\/flowingbv.com\\\/br\\\/loja\\\/\"},{\"@type\":\"ListItem\",\"position\":3,\"name\":\"Ingles intensivo para viagem\"}]},{\"@type\":\"WebSite\",\"@id\":\"https:\\\/\\\/flowingbv.com\\\/br\\\/#website\",\"url\":\"https:\\\/\\\/flowingbv.com\\\/br\\\/\",\"name\":\"Flowing\",\"description\":\"Learn Anytime Anywere\",\"publisher\":{\"@id\":\"https:\\\/\\\/flowingbv.com\\\/br\\\/#organization\"},\"potentialAction\":[{\"@type\":\"SearchAction\",\"target\":{\"@type\":\"EntryPoint\",\"urlTemplate\":\"https:\\\/\\\/flowingbv.com\\\/br\\\/?s={search_term_string}\"},\"query-input\":{\"@type\":\"PropertyValueSpecification\",\"valueRequired\":true,\"valueName\":\"search_term_string\"}}],\"inLanguage\":\"pt-BR\"},{\"@type\":\"Organization\",\"@id\":\"https:\\\/\\\/flowingbv.com\\\/br\\\/#organization\",\"name\":\"Flow.ing\",\"url\":\"https:\\\/\\\/flowingbv.com\\\/br\\\/\",\"logo\":{\"@type\":\"ImageObject\",\"inLanguage\":\"pt-BR\",\"@id\":\"https:\\\/\\\/flowingbv.com\\\/br\\\/#\\\/schema\\\/logo\\\/image\\\/\",\"url\":\"https:\\\/\\\/flowingbv.com\\\/br\\\/wp-content\\\/uploads\\\/2020\\\/07\\\/flowing.png\",\"contentUrl\":\"https:\\\/\\\/flowingbv.com\\\/br\\\/wp-content\\\/uploads\\\/2020\\\/07\\\/flowing.png\",\"width\":800,\"height\":763,\"caption\":\"Flow.ing\"},\"image\":{\"@id\":\"https:\\\/\\\/flowingbv.com\\\/br\\\/#\\\/schema\\\/logo\\\/image\\\/\"}}]}<\/script>\n<!-- \/ Yoast SEO plugin. -->","yoast_head_json":{"title":"Ingles intensivo para viagem - Flowing","robots":{"index":"index","follow":"follow","max-snippet":"max-snippet:-1","max-image-preview":"max-image-preview:large","max-video-preview":"max-video-preview:-1"},"canonical":"https:\/\/flowingbv.com\/br\/produto\/ingles-intensivo-para-viagem\/","og_locale":"pt_BR","og_type":"article","og_title":"Ingles intensivo para viagem - Flowing","og_description":"Ingl\u00eas para viagem Se voc\u00ea est\u00e1 planejando uma viagem e gostaria de se comunicar com facilidade, esse \u00e9 o curso para voc\u00ea! Ao concluir o curso voc\u00ea se sentir\u00e1 muito mais confiante para enfrentar quest\u00f5es da l\u00edngua em suas viagens. Seja na imigra\u00e7\u00e3o ou na alf\u00e2ndega, hospedando-se em hot\u00e9is ou simplesmente pedindo uma bebida ou [&hellip;]","og_url":"https:\/\/flowingbv.com\/br\/produto\/ingles-intensivo-para-viagem\/","og_site_name":"Flowing","article_modified_time":"2024-11-22T11:52:37+00:00","og_image":[{"width":640,"height":959,"url":"https:\/\/flowingbv.com\/br\/wp-content\/uploads\/2020\/05\/Travel-2.jpg","type":"image\/jpeg"}],"twitter_card":"summary_large_image","schema":{"@context":"https:\/\/schema.org","@graph":[{"@type":"WebPage","@id":"https:\/\/flowingbv.com\/br\/produto\/ingles-intensivo-para-viagem\/","url":"https:\/\/flowingbv.com\/br\/produto\/ingles-intensivo-para-viagem\/","name":"Ingles intensivo para viagem - Flowing","isPartOf":{"@id":"https:\/\/flowingbv.com\/br\/#website"},"primaryImageOfPage":{"@id":"https:\/\/flowingbv.com\/br\/produto\/ingles-intensivo-para-viagem\/#primaryimage"},"image":{"@id":"https:\/\/flowingbv.com\/br\/produto\/ingles-intensivo-para-viagem\/#primaryimage"},"thumbnailUrl":"https:\/\/flowingbv.com\/br\/wp-content\/uploads\/2020\/05\/Travel-2.jpg","datePublished":"2023-12-05T12:17:42+00:00","dateModified":"2024-11-22T11:52:37+00:00","breadcrumb":{"@id":"https:\/\/flowingbv.com\/br\/produto\/ingles-intensivo-para-viagem\/#breadcrumb"},"inLanguage":"pt-BR","potentialAction":[{"@type":"ReadAction","target":["https:\/\/flowingbv.com\/br\/produto\/ingles-intensivo-para-viagem\/"]}]},{"@type":"ImageObject","inLanguage":"pt-BR","@id":"https:\/\/flowingbv.com\/br\/produto\/ingles-intensivo-para-viagem\/#primaryimage","url":"https:\/\/flowingbv.com\/br\/wp-content\/uploads\/2020\/05\/Travel-2.jpg","contentUrl":"https:\/\/flowingbv.com\/br\/wp-content\/uploads\/2020\/05\/Travel-2.jpg","width":640,"height":959},{"@type":"BreadcrumbList","@id":"https:\/\/flowingbv.com\/br\/produto\/ingles-intensivo-para-viagem\/#breadcrumb","itemListElement":[{"@type":"ListItem","position":1,"name":"In\u00edcio","item":"https:\/\/flowingbv.com\/br\/"},{"@type":"ListItem","position":2,"name":"Loja","item":"https:\/\/flowingbv.com\/br\/loja\/"},{"@type":"ListItem","position":3,"name":"Ingles intensivo para viagem"}]},{"@type":"WebSite","@id":"https:\/\/flowingbv.com\/br\/#website","url":"https:\/\/flowingbv.com\/br\/","name":"Flowing","description":"Learn Anytime Anywere","publisher":{"@id":"https:\/\/flowingbv.com\/br\/#organization"},"potentialAction":[{"@type":"SearchAction","target":{"@type":"EntryPoint","urlTemplate":"https:\/\/flowingbv.com\/br\/?s={search_term_string}"},"query-input":{"@type":"PropertyValueSpecification","valueRequired":true,"valueName":"search_term_string"}}],"inLanguage":"pt-BR"},{"@type":"Organization","@id":"https:\/\/flowingbv.com\/br\/#organization","name":"Flow.ing","url":"https:\/\/flowingbv.com\/br\/","logo":{"@type":"ImageObject","inLanguage":"pt-BR","@id":"https:\/\/flowingbv.com\/br\/#\/schema\/logo\/image\/","url":"https:\/\/flowingbv.com\/br\/wp-content\/uploads\/2020\/07\/flowing.png","contentUrl":"https:\/\/flowingbv.com\/br\/wp-content\/uploads\/2020\/07\/flowing.png","width":800,"height":763,"caption":"Flow.ing"},"image":{"@id":"https:\/\/flowingbv.com\/br\/#\/schema\/logo\/image\/"}}]}},"_links":{"self":[{"href":"https:\/\/flowingbv.com\/br\/wp-json\/wp\/v2\/product\/5540","targetHints":{"allow":["GET"]}}],"collection":[{"href":"https:\/\/flowingbv.com\/br\/wp-json\/wp\/v2\/product"}],"about":[{"href":"https:\/\/flowingbv.com\/br\/wp-json\/wp\/v2\/types\/product"}],"version-history":[{"count":17,"href":"https:\/\/flowingbv.com\/br\/wp-json\/wp\/v2\/product\/5540\/revisions"}],"predecessor-version":[{"id":6316,"href":"https:\/\/flowingbv.com\/br\/wp-json\/wp\/v2\/product\/5540\/revisions\/6316"}],"wp:featuredmedia":[{"embeddable":true,"href":"https:\/\/flowingbv.com\/br\/wp-json\/wp\/v2\/media\/5517"}],"wp:attachment":[{"href":"https:\/\/flowingbv.com\/br\/wp-json\/wp\/v2\/media?parent=5540"}],"wp:term":[{"taxonomy":"product_brand","embeddable":true,"href":"https:\/\/flowingbv.com\/br\/wp-json\/wp\/v2\/product_brand?post=5540"},{"taxonomy":"product_cat","embeddable":true,"href":"https:\/\/flowingbv.com\/br\/wp-json\/wp\/v2\/product_cat?post=5540"},{"taxonomy":"product_tag","embeddable":true,"href":"https:\/\/flowingbv.com\/br\/wp-json\/wp\/v2\/product_tag?post=5540"}],"curies":[{"name":"wp","href":"https:\/\/api.w.org\/{rel}","templated":true}]}}